{"id":143,"date":"2019-08-20T06:04:10","date_gmt":"2019-08-20T06:04:10","guid":{"rendered":"http:\/\/www.sdh-brezina.cz\/contact\/"},"modified":"2026-02-10T19:47:08","modified_gmt":"2026-02-10T19:47:08","slug":"kontakt","status":"publish","type":"page","link":"http:\/\/www.sdh-brezina.cz\/?page_id=143","title":{"rendered":"Kontakt"},"content":{"rendered":"\t\t<div data-elementor-type=\"wp-page\" data-elementor-id=\"143\" class=\"elementor elementor-143\">\n\t\t\t\t\t\t<section class=\"elementor-section elementor-top-section elementor-element elementor-element-74450ce elementor-section-boxed elementor-section-height-default elementor-section-height-default\" data-id=\"74450ce\" data-element_type=\"section\" data-settings=\"{&quot;background_background&quot;:&quot;classic&quot;,&quot;shape_divider_bottom&quot;:&quot;triangle&quot;,&quot;shape_divider_bottom_negative&quot;:&quot;yes&quot;}\">\n\t\t\t\t\t\t\t<div class=\"elementor-background-overlay\"><\/div>\n\t\t\t\t\t\t<div class=\"elementor-shape elementor-shape-bottom\" data-negative=\"true\">\n\t\t\t<svg xmlns=\"http:\/\/www.w3.org\/2000\/svg\" viewBox=\"0 0 1000 100\" preserveAspectRatio=\"none\">\n\t<path class=\"elementor-shape-fill\" d=\"M500.2,94.7L0,0v100h1000V0L500.2,94.7z\"\/>\n<\/svg>\t\t<\/div>\n\t\t\t\t\t<div class=\"elementor-container elementor-column-gap-default\">\n\t\t\t\t\t<div class=\"elementor-column elementor-col-100 elementor-top-column elementor-element elementor-element-f8411a3\" data-id=\"f8411a3\" data-element_type=\"column\">\n\t\t\t<div class=\"elementor-widget-wrap elementor-element-populated\">\n\t\t\t\t\t\t<div class=\"elementor-element elementor-element-1272093 elementor-widget elementor-widget-heading\" data-id=\"1272093\" data-element_type=\"widget\" data-settings=\"{&quot;_animation&quot;:&quot;none&quot;}\" data-widget_type=\"heading.default\">\n\t\t\t\t<div class=\"elementor-widget-container\">\n\t\t\t<h2 class=\"elementor-heading-title elementor-size-default\">Kontakt<\/h2>\t\t<\/div>\n\t\t\t\t<\/div>\n\t\t\t\t\t<\/div>\n\t\t<\/div>\n\t\t\t\t\t<\/div>\n\t\t<\/section>\n\t\t\t\t<section class=\"elementor-section elementor-top-section elementor-element elementor-element-bc046ca elementor-section-boxed elementor-section-height-default elementor-section-height-default\" data-id=\"bc046ca\" data-element_type=\"section\">\n\t\t\t\t\t\t<div class=\"elementor-container elementor-column-gap-default\">\n\t\t\t\t\t<div class=\"elementor-column elementor-col-50 elementor-top-column elementor-element elementor-element-0eb2889\" data-id=\"0eb2889\" data-element_type=\"column\">\n\t\t\t<div class=\"elementor-widget-wrap elementor-element-populated\">\n\t\t\t\t\t\t<div class=\"elementor-element elementor-element-6c2805a elementor-widget elementor-widget-text-editor\" data-id=\"6c2805a\" data-element_type=\"widget\" data-widget_type=\"text-editor.default\">\n\t\t\t\t<div class=\"elementor-widget-container\">\n\t\t\t\t\t\t\t<h4>Sbor dobrovoln\u00fdch hasi\u010d\u016f B\u0159ezina<\/h4>\n<hr>\n<p><strong>Adresa<\/strong>: B\u0159ezina 240, 679 05 K\u0159tiny<\/p>\n<p><strong>I\u010cO<\/strong>: 65338944<\/p>\n<p><strong>Registra\u010dn\u00ed \u010d\u00edslo<\/strong>: 3701131<\/p>\n<p><strong>Bankovn\u00ed spojen\u00ed<\/strong>: 0-9008109001\/5500&nbsp; \/&nbsp; &nbsp;<a href=\"https:\/\/www.rb.cz\/povinne-zverejnovane-informace\/transparentni-ucty?mvcPath=transactions&amp;accountNumber=9008109001&amp;path=transactions\" target=\"_blank\" rel=\"noopener noreferrer\">Transparentn\u00ed \u00fa\u010det<\/a><\/p>\n<p><strong>Datov\u00e1 schr\u00e1nka: <\/strong>fy5s774<\/p>\n<p><strong>E-mail<\/strong>: <a href=\"mailto:sdhbrezina@seznam.cz\">sdhbrezina@seznam.cz<\/a><\/p>\n<p><strong>Facebook<\/strong>: <a href=\"https:\/\/www.facebook.com\/sdhbrezina\/\" target=\"_blank\" rel=\"noopener noreferrer\">facebook.com\/sdhbrezina<\/a><\/p>\n<p><strong>Instagram<\/strong>: <a href=\"https:\/\/www.instagram.com\/sdh_brezina\/\" target=\"_blank\" rel=\"noopener noreferrer\">instagram.com\/sdh_brezina<\/a><\/p>\n<table>\n<tbody>\n<tr>\n<td><strong>Starosta<\/strong><\/td>\n<td>Pavel Neu\u017eil<\/td>\n<td>+420 606 807 105<\/td>\n<\/tr>\n<tr>\n<td><strong>N\u00e1m\u011bstek starosty<\/strong><\/td>\n<td>Vendula Neu\u017eilov\u00e1<\/td>\n<td>+420 728 177 887<\/td>\n<\/tr>\n<tr>\n<td><strong>Vedouc\u00ed mlad\u00fdch hasi\u010d\u016f<\/strong><\/td>\n<td>Luk\u00e1\u0161 Neu\u017eil<\/td>\n<td>+420 721 268 688<\/td>\n<\/tr>\n<tr>\n<td><strong>Hospod\u00e1\u0159<\/strong><\/td>\n<td>Vlastimil Bedna\u0159\u00edk<\/td>\n<td>+420 721 868 608<\/td>\n<\/tr>\n<\/tbody>\n<\/table>\t\t\t\t\t\t<\/div>\n\t\t\t\t<\/div>\n\t\t\t\t\t<\/div>\n\t\t<\/div>\n\t\t\t\t<div class=\"elementor-column elementor-col-50 elementor-top-column elementor-element elementor-element-b2712a0\" data-id=\"b2712a0\" data-element_type=\"column\">\n\t\t\t<div class=\"elementor-widget-wrap elementor-element-populated\">\n\t\t\t\t\t\t<div class=\"elementor-element elementor-element-3b7f8bc elementor-widget elementor-widget-text-editor\" data-id=\"3b7f8bc\" data-element_type=\"widget\" data-widget_type=\"text-editor.default\">\n\t\t\t\t<div class=\"elementor-widget-container\">\n\t\t\t\t\t\t\t<h4>Jednotka sboru dobrovoln\u00fdch hasi\u010d\u016f B\u0159ezina<\/h4><hr \/><p><strong>Adresa<\/strong>: B\u0159ezina 240, 679 05 K\u0159tiny<\/p><p><strong>E-mail<\/strong>: <a href=\"mailto:jsdh.brezina@gmail.com\">jsdh.brezina@gmail.com<\/a><\/p><p><strong>Facebook<\/strong>: <a href=\"https:\/\/www.facebook.com\/Hasici.Brezina\/\" target=\"_blank\" rel=\"noopener noreferrer\">facebook.com\/hasicibrezina<\/a><\/p><table><tbody><tr><td><strong>Velitel<\/strong><\/td><td>Ale\u0161 Bu\u010dek<\/td><td>+420 775 250 976<\/td><\/tr><\/tbody><\/table>\t\t\t\t\t\t<\/div>\n\t\t\t\t<\/div>\n\t\t\t\t\t<\/div>\n\t\t<\/div>\n\t\t\t\t\t<\/div>\n\t\t<\/section>\n\t\t\t\t<section class=\"elementor-section elementor-top-section elementor-element elementor-element-8e1afc1 elementor-section-boxed elementor-section-height-default elementor-section-height-default\" data-id=\"8e1afc1\" data-element_type=\"section\">\n\t\t\t\t\t\t<div class=\"elementor-container elementor-column-gap-default\">\n\t\t\t\t\t<div class=\"elementor-column elementor-col-100 elementor-top-column elementor-element elementor-element-9c6100c\" data-id=\"9c6100c\" data-element_type=\"column\">\n\t\t\t<div class=\"elementor-widget-wrap elementor-element-populated\">\n\t\t\t\t\t\t<div class=\"elementor-element elementor-element-d83c479 elementor-widget elementor-widget-google_maps\" data-id=\"d83c479\" data-element_type=\"widget\" data-widget_type=\"google_maps.default\">\n\t\t\t\t<div class=\"elementor-widget-container\">\n\t\t\t\t\t<div class=\"elementor-custom-embed\">\n\t\t\t<iframe loading=\"lazy\"\n\t\t\t\t\tsrc=\"https:\/\/maps.google.com\/maps?q=B%C5%99ezina%20240%2C%20679%2005%20B%C5%99ezina&#038;t=m&#038;z=12&#038;output=embed&#038;iwloc=near\"\n\t\t\t\t\ttitle=\"B\u0159ezina 240, 679 05 B\u0159ezina\"\n\t\t\t\t\taria-label=\"B\u0159ezina 240, 679 05 B\u0159ezina\"\n\t\t\t><\/iframe>\n\t\t<\/div>\n\t\t\t\t<\/div>\n\t\t\t\t<\/div>\n\t\t\t\t\t<\/div>\n\t\t<\/div>\n\t\t\t\t\t<\/div>\n\t\t<\/section>\n\t\t\t\t<\/div>\n\t\t","protected":false},"excerpt":{"rendered":"<p>Kontakt Sbor dobrovoln\u00fdch hasi\u010d\u016f B\u0159ezina Adresa: B\u0159ezina 240, 679 05 K\u0159tiny I\u010cO: 65338944 Registra\u010dn\u00ed \u010d\u00edslo: 3701131 Bankovn\u00ed spojen\u00ed: 0-9008109001\/5500&nbsp; \/&nbsp; &nbsp;Transparentn\u00ed \u00fa\u010det Datov\u00e1 schr\u00e1nka: fy5s774 E-mail: sdhbrezina@seznam.cz Facebook: facebook.com\/sdhbrezina Instagram: instagram.com\/sdh_brezina Starosta Pavel Neu\u017eil +420 606 807 105 N\u00e1m\u011bstek starosty Vendula Neu\u017eilov\u00e1 +420 728 177 887 Vedouc\u00ed mlad\u00fdch hasi\u010d\u016f Luk\u00e1\u0161 Neu\u017eil +420 721 268 688 [&hellip;]<\/p>\n","protected":false},"author":1,"featured_media":0,"parent":0,"menu_order":0,"comment_status":"closed","ping_status":"closed","template":"","meta":{"_uag_custom_page_level_css":"","site-sidebar-layout":"no-sidebar","site-content-layout":"page-builder","ast-site-content-layout":"","site-content-style":"default","site-sidebar-style":"default","ast-global-header-display":"","ast-banner-title-visibility":"","ast-main-header-display":"","ast-hfb-above-header-display":"","ast-hfb-below-header-display":"","ast-hfb-mobile-header-display":"","site-post-title":"disabled","ast-breadcrumbs-content":"","ast-featured-img":"disabled","footer-sml-layout":"","theme-transparent-header-meta":"default","adv-header-id-meta":"","stick-header-meta":"","header-above-stick-meta":"","header-main-stick-meta":"","header-below-stick-meta":"","astra-migrate-meta-layouts":"default","ast-page-background-enabled":"default","ast-page-background-meta":{"desktop":{"background-color":"var(--ast-global-color-4)","background-image":"","background-repeat":"repeat","background-position":"center center","background-size":"auto","background-attachment":"scroll","background-type":"","background-media":"","overlay-type":"","overlay-color":"","overlay-gradient":""},"tablet":{"background-color":"","background-image":"","background-repeat":"repeat","background-position":"center center","background-size":"auto","background-attachment":"scroll","background-type":"","background-media":"","overlay-type":"","overlay-color":"","overlay-gradient":""},"mobile":{"background-color":"","background-image":"","background-repeat":"repeat","background-position":"center center","background-size":"auto","background-attachment":"scroll","background-type":"","background-media":"","overlay-type":"","overlay-color":"","overlay-gradient":""}},"ast-content-background-meta":{"desktop":{"background-color":"var(--ast-global-color-5)","background-image":"","background-repeat":"repeat","background-position":"center center","background-size":"auto","background-attachment":"scroll","background-type":"","background-media":"","overlay-type":"","overlay-color":"","overlay-gradient":""},"tablet":{"background-color":"var(--ast-global-color-5)","background-image":"","background-repeat":"repeat","background-position":"center center","background-size":"auto","background-attachment":"scroll","background-type":"","background-media":"","overlay-type":"","overlay-color":"","overlay-gradient":""},"mobile":{"background-color":"var(--ast-global-color-5)","background-image":"","background-repeat":"repeat","background-position":"center center","background-size":"auto","background-attachment":"scroll","background-type":"","background-media":"","overlay-type":"","overlay-color":"","overlay-gradient":""}},"footnotes":""},"class_list":["post-143","page","type-page","status-publish","hentry"],"uagb_featured_image_src":{"full":false,"thumbnail":false,"medium":false,"medium_large":false,"large":false,"1536x1536":false,"2048x2048":false},"uagb_author_info":{"display_name":"admin","author_link":"http:\/\/www.sdh-brezina.cz\/?author=1"},"uagb_comment_info":0,"uagb_excerpt":"Kontakt Sbor dobrovoln\u00fdch hasi\u010d\u016f B\u0159ezina Adresa: B\u0159ezina 240, 679 05 K\u0159tiny I\u010cO: 65338944 Registra\u010dn\u00ed \u010d\u00edslo: 3701131 Bankovn\u00ed spojen\u00ed: 0-9008109001\/5500&nbsp; \/&nbsp; &nbsp;Transparentn\u00ed \u00fa\u010det Datov\u00e1 schr\u00e1nka: fy5s774 E-mail: sdhbrezina@seznam.cz Facebook: facebook.com\/sdhbrezina Instagram: instagram.com\/sdh_brezina Starosta Pavel Neu\u017eil +420 606 807 105 N\u00e1m\u011bstek starosty Vendula Neu\u017eilov\u00e1 +420 728 177 887 Vedouc\u00ed mlad\u00fdch hasi\u010d\u016f Luk\u00e1\u0161 Neu\u017eil +420 721 268 688&hellip;","_links":{"self":[{"href":"http:\/\/www.sdh-brezina.cz\/index.php?rest_route=\/wp\/v2\/pages\/143","targetHints":{"allow":["GET"]}}],"collection":[{"href":"http:\/\/www.sdh-brezina.cz\/index.php?rest_route=\/wp\/v2\/pages"}],"about":[{"href":"http:\/\/www.sdh-brezina.cz\/index.php?rest_route=\/wp\/v2\/types\/page"}],"author":[{"embeddable":true,"href":"http:\/\/www.sdh-brezina.cz\/index.php?rest_route=\/wp\/v2\/users\/1"}],"replies":[{"embeddable":true,"href":"http:\/\/www.sdh-brezina.cz\/index.php?rest_route=%2Fwp%2Fv2%2Fcomments&post=143"}],"version-history":[{"count":41,"href":"http:\/\/www.sdh-brezina.cz\/index.php?rest_route=\/wp\/v2\/pages\/143\/revisions"}],"predecessor-version":[{"id":25745,"href":"http:\/\/www.sdh-brezina.cz\/index.php?rest_route=\/wp\/v2\/pages\/143\/revisions\/25745"}],"wp:attachment":[{"href":"http:\/\/www.sdh-brezina.cz\/index.php?rest_route=%2Fwp%2Fv2%2Fmedia&parent=143"}],"curies":[{"name":"wp","href":"https:\/\/api.w.org\/{rel}","templated":true}]}}