{"id":24582,"date":"2021-03-05T09:44:53","date_gmt":"2021-03-05T09:44:53","guid":{"rendered":"http:\/\/www.sdh-brezina.cz\/?page_id=24582"},"modified":"2025-12-05T14:58:13","modified_gmt":"2025-12-05T14:58:13","slug":"soutezni-druzstva","status":"publish","type":"page","link":"http:\/\/www.sdh-brezina.cz\/?page_id=24582","title":{"rendered":"Sout\u011b\u017en\u00ed dru\u017estva"},"content":{"rendered":"\t\t<div data-elementor-type=\"wp-post\" data-elementor-id=\"24582\" class=\"elementor elementor-24582\">\n\t\t\t\t\t\t<section class=\"elementor-section elementor-top-section elementor-element elementor-element-74ba2fac elementor-section-boxed elementor-section-height-default elementor-section-height-default\" data-id=\"74ba2fac\" data-element_type=\"section\" data-settings=\"{&quot;background_background&quot;:&quot;classic&quot;,&quot;shape_divider_bottom&quot;:&quot;triangle&quot;,&quot;shape_divider_bottom_negative&quot;:&quot;yes&quot;}\">\n\t\t\t\t\t\t\t<div class=\"elementor-background-overlay\"><\/div>\n\t\t\t\t\t\t<div class=\"elementor-shape elementor-shape-bottom\" data-negative=\"true\">\n\t\t\t<svg xmlns=\"http:\/\/www.w3.org\/2000\/svg\" viewBox=\"0 0 1000 100\" preserveAspectRatio=\"none\">\n\t<path class=\"elementor-shape-fill\" d=\"M500.2,94.7L0,0v100h1000V0L500.2,94.7z\"\/>\n<\/svg>\t\t<\/div>\n\t\t\t\t\t<div class=\"elementor-container elementor-column-gap-default\">\n\t\t\t\t\t<div class=\"elementor-column elementor-col-100 elementor-top-column elementor-element elementor-element-23262dea\" data-id=\"23262dea\" data-element_type=\"column\">\n\t\t\t<div class=\"elementor-widget-wrap elementor-element-populated\">\n\t\t\t\t\t\t<div class=\"elementor-element elementor-element-27af6558 elementor-widget elementor-widget-heading\" data-id=\"27af6558\" data-element_type=\"widget\" data-settings=\"{&quot;_animation&quot;:&quot;none&quot;}\" data-widget_type=\"heading.default\">\n\t\t\t\t<div class=\"elementor-widget-container\">\n\t\t\t<h2 class=\"elementor-heading-title elementor-size-default\">Sout\u011b\u017en\u00ed dru\u017estva<\/h2>\t\t<\/div>\n\t\t\t\t<\/div>\n\t\t\t\t\t<\/div>\n\t\t<\/div>\n\t\t\t\t\t<\/div>\n\t\t<\/section>\n\t\t\t\t<section class=\"elementor-section elementor-top-section elementor-element elementor-element-8dc6205 elementor-reverse-mobile elementor-section-boxed elementor-section-height-default elementor-section-height-default\" data-id=\"8dc6205\" data-element_type=\"section\" data-settings=\"{&quot;background_background&quot;:&quot;classic&quot;}\">\n\t\t\t\t\t\t\t<div class=\"elementor-background-overlay\"><\/div>\n\t\t\t\t\t\t\t<div class=\"elementor-container elementor-column-gap-no\">\n\t\t\t\t\t<div class=\"elementor-column elementor-col-100 elementor-top-column elementor-element elementor-element-0b0aedc\" data-id=\"0b0aedc\" data-element_type=\"column\">\n\t\t\t<div class=\"elementor-widget-wrap elementor-element-populated\">\n\t\t\t\t\t\t<section class=\"elementor-section elementor-inner-section elementor-element elementor-element-6cad3d1 elementor-reverse-tablet elementor-section-boxed elementor-section-height-default elementor-section-height-default\" data-id=\"6cad3d1\" data-element_type=\"section\">\n\t\t\t\t\t\t<div class=\"elementor-container elementor-column-gap-default\">\n\t\t\t\t\t<div class=\"elementor-column elementor-col-50 elementor-inner-column elementor-element elementor-element-8e8665b\" data-id=\"8e8665b\" data-element_type=\"column\">\n\t\t\t<div class=\"elementor-widget-wrap elementor-element-populated\">\n\t\t\t\t\t\t<div class=\"elementor-element elementor-element-4b3340f elementor-widget elementor-widget-image\" data-id=\"4b3340f\" data-element_type=\"widget\" data-widget_type=\"image.default\">\n\t\t\t\t<div class=\"elementor-widget-container\">\n\t\t\t\t\t\t\t\t\t\t\t\t\t<img fetchpriority=\"high\" decoding=\"async\" width=\"1536\" height=\"1024\" src=\"http:\/\/www.sdh-brezina.cz\/wp-content\/uploads\/2025\/07\/DSC04386-1536x1024.jpg\" class=\"attachment-1536x1536 size-1536x1536 wp-image-25631\" alt=\"\" srcset=\"http:\/\/www.sdh-brezina.cz\/wp-content\/uploads\/2025\/07\/DSC04386-1536x1024.jpg 1536w, http:\/\/www.sdh-brezina.cz\/wp-content\/uploads\/2025\/07\/DSC04386-300x200.jpg 300w, http:\/\/www.sdh-brezina.cz\/wp-content\/uploads\/2025\/07\/DSC04386-1024x682.jpg 1024w, http:\/\/www.sdh-brezina.cz\/wp-content\/uploads\/2025\/07\/DSC04386-768x512.jpg 768w, http:\/\/www.sdh-brezina.cz\/wp-content\/uploads\/2025\/07\/DSC04386.jpg 2000w\" sizes=\"(max-width: 1536px) 100vw, 1536px\" \/>\t\t\t\t\t\t\t\t\t\t\t\t\t<\/div>\n\t\t\t\t<\/div>\n\t\t\t\t\t<\/div>\n\t\t<\/div>\n\t\t\t\t<div class=\"elementor-column elementor-col-50 elementor-inner-column elementor-element elementor-element-f5d6f1b\" data-id=\"f5d6f1b\" data-element_type=\"column\">\n\t\t\t<div class=\"elementor-widget-wrap elementor-element-populated\">\n\t\t\t\t\t\t<div class=\"elementor-element elementor-element-90971f3 elementor-widget elementor-widget-text-editor\" data-id=\"90971f3\" data-element_type=\"widget\" data-widget_type=\"text-editor.default\">\n\t\t\t\t<div class=\"elementor-widget-container\">\n\t\t\t\t\t\t\t<h4>P\u0159\u00edpravka<\/h4><ul><li>Aperyan Levon<\/li><li>Dvo\u0159\u00e1k Michal<\/li><li>Jur\u010d\u00edk Ond\u0159ej<\/li><li>Kousal\u00edk Mat\u011bj<\/li><li>Pol\u00e1kov\u00e1 Elena<\/li><li>Such\u00fd David<\/li><\/ul><h4>Mlad\u0161\u00ed \u017e\u00e1ci<\/h4><ul><li>Bu\u010dek Hynek<\/li><li>Drahovzal Adam<\/li><li>Fialkowsk\u00e1 Nat\u00e1lie<\/li><li>Fialkowski Robert<\/li><li>Poli\u0161ensk\u00fd Dominik<\/li><li>Sehnal \u0160imon<\/li><li>Stejskal \u0160t\u011bp\u00e1n<\/li><li>Sehnalov\u00e1 \u017daneta<\/li><li>Zelinkov\u00e1 Linda<\/li><\/ul>\t\t\t\t\t\t<\/div>\n\t\t\t\t<\/div>\n\t\t\t\t\t<\/div>\n\t\t<\/div>\n\t\t\t\t\t<\/div>\n\t\t<\/section>\n\t\t\t\t\t<\/div>\n\t\t<\/div>\n\t\t\t\t\t<\/div>\n\t\t<\/section>\n\t\t\t\t<section class=\"elementor-section elementor-top-section elementor-element elementor-element-a2d20dd elementor-section-full_width elementor-section-height-default elementor-section-height-default\" data-id=\"a2d20dd\" data-element_type=\"section\" data-settings=\"{&quot;background_background&quot;:&quot;classic&quot;}\">\n\t\t\t\t\t\t\t<div class=\"elementor-background-overlay\"><\/div>\n\t\t\t\t\t\t\t<div class=\"elementor-container elementor-column-gap-default\">\n\t\t\t\t\t<div class=\"elementor-column elementor-col-100 elementor-top-column elementor-element elementor-element-5af91a1\" data-id=\"5af91a1\" data-element_type=\"column\">\n\t\t\t<div class=\"elementor-widget-wrap elementor-element-populated\">\n\t\t\t\t\t\t<section class=\"elementor-section elementor-inner-section elementor-element elementor-element-c406387 elementor-section-boxed elementor-section-height-default elementor-section-height-default\" data-id=\"c406387\" data-element_type=\"section\">\n\t\t\t\t\t\t<div class=\"elementor-container elementor-column-gap-default\">\n\t\t\t\t\t<div class=\"elementor-column elementor-col-50 elementor-inner-column elementor-element elementor-element-96ce381\" data-id=\"96ce381\" data-element_type=\"column\">\n\t\t\t<div class=\"elementor-widget-wrap elementor-element-populated\">\n\t\t\t\t\t\t<div class=\"elementor-element elementor-element-7ba7901 elementor-widget elementor-widget-text-editor\" data-id=\"7ba7901\" data-element_type=\"widget\" data-widget_type=\"text-editor.default\">\n\t\t\t\t<div class=\"elementor-widget-container\">\n\t\t\t\t\t\t\t<h4>Star\u0161\u00ed \u017e\u00e1ci<\/h4><ul><li>Bedna\u0159\u00edkov\u00e1 Linda<\/li><li>B\u011block\u00e1 Ane\u017eka<\/li><li>Bu\u010dek Albert<\/li><li>Bu\u010dek Radek<\/li><li>Hol\u00edkov\u00e1 Tereza<\/li><li>Ho\u0161kov\u00e1 Lenka<\/li><li>Ka\u010d\u00edn Miroslav<\/li><li>Koz\u00e1kov\u00e1 Lucie<\/li><li>M\u00fcller Mat\u011bj<\/li><li>Neu\u017eil Dalibor<\/li><li>Pol\u00e1k Dominik<\/li><li>Pol\u00e1k Tobi\u00e1\u0161<\/li><li>Pot\u016f\u010dek Tom\u00e1\u0161<\/li><li>Zelinkov\u00e1 Jana<\/li><\/ul>\t\t\t\t\t\t<\/div>\n\t\t\t\t<\/div>\n\t\t\t\t\t<\/div>\n\t\t<\/div>\n\t\t\t\t<div class=\"elementor-column elementor-col-50 elementor-inner-column elementor-element elementor-element-930d646\" data-id=\"930d646\" data-element_type=\"column\">\n\t\t\t<div class=\"elementor-widget-wrap elementor-element-populated\">\n\t\t\t\t\t\t<div class=\"elementor-element elementor-element-a915576 elementor-widget elementor-widget-text-editor\" data-id=\"a915576\" data-element_type=\"widget\" data-widget_type=\"text-editor.default\">\n\t\t\t\t<div class=\"elementor-widget-container\">\n\t\t\t\t\t\t\t<h4>Dorostenci<\/h4>\n<ul>\n<li>Bu\u010dek Radek<\/li>\n<li>Hol\u00edkov\u00e1 Kate\u0159ina<\/li>\n<li>Neu\u017eil \u0160t\u011bp\u00e1n<\/li>\n\n\n<li>\u0160legl Martin<\/li>\n<\/ul>\t\t\t\t\t\t<\/div>\n\t\t\t\t<\/div>\n\t\t\t\t\t<\/div>\n\t\t<\/div>\n\t\t\t\t\t<\/div>\n\t\t<\/section>\n\t\t\t\t\t<\/div>\n\t\t<\/div>\n\t\t\t\t\t<\/div>\n\t\t<\/section>\n\t\t\t\t<\/div>\n\t\t","protected":false},"excerpt":{"rendered":"<p>Sout\u011b\u017en\u00ed dru\u017estva P\u0159\u00edpravka Aperyan Levon Dvo\u0159\u00e1k Michal Jur\u010d\u00edk Ond\u0159ej Kousal\u00edk Mat\u011bj Pol\u00e1kov\u00e1 Elena Such\u00fd David Mlad\u0161\u00ed \u017e\u00e1ci Bu\u010dek Hynek Drahovzal Adam Fialkowsk\u00e1 Nat\u00e1lie Fialkowski Robert Poli\u0161ensk\u00fd Dominik Sehnal \u0160imon Stejskal \u0160t\u011bp\u00e1n Sehnalov\u00e1 \u017daneta Zelinkov\u00e1 Linda Star\u0161\u00ed \u017e\u00e1ci Bedna\u0159\u00edkov\u00e1 Linda B\u011block\u00e1 Ane\u017eka Bu\u010dek Albert Bu\u010dek Radek Hol\u00edkov\u00e1 Tereza Ho\u0161kov\u00e1 Lenka Ka\u010d\u00edn Miroslav Koz\u00e1kov\u00e1 Lucie M\u00fcller Mat\u011bj [&hellip;]<\/p>\n","protected":false},"author":1,"featured_media":0,"parent":145,"menu_order":0,"comment_status":"closed","ping_status":"closed","template":"","meta":{"_uag_custom_page_level_css":"","site-sidebar-layout":"no-sidebar","site-content-layout":"page-builder","ast-site-content-layout":"","site-content-style":"default","site-sidebar-style":"default","ast-global-header-display":"","ast-banner-title-visibility":"","ast-main-header-display":"","ast-hfb-above-header-display":"","ast-hfb-below-header-display":"","ast-hfb-mobile-header-display":"","site-post-title":"disabled","ast-breadcrumbs-content":"","ast-featured-img":"disabled","footer-sml-layout":"","theme-transparent-header-meta":"default","adv-header-id-meta":"","stick-header-meta":"","header-above-stick-meta":"","header-main-stick-meta":"","header-below-stick-meta":"","astra-migrate-meta-layouts":"default","ast-page-background-enabled":"default","ast-page-background-meta":{"desktop":{"background-color":"var(--ast-global-color-4)","background-image":"","background-repeat":"repeat","background-position":"center center","background-size":"auto","background-attachment":"scroll","background-type":"","background-media":"","overlay-type":"","overlay-color":"","overlay-gradient":""},"tablet":{"background-color":"","background-image":"","background-repeat":"repeat","background-position":"center center","background-size":"auto","background-attachment":"scroll","background-type":"","background-media":"","overlay-type":"","overlay-color":"","overlay-gradient":""},"mobile":{"background-color":"","background-image":"","background-repeat":"repeat","background-position":"center center","background-size":"auto","background-attachment":"scroll","background-type":"","background-media":"","overlay-type":"","overlay-color":"","overlay-gradient":""}},"ast-content-background-meta":{"desktop":{"background-color":"var(--ast-global-color-5)","background-image":"","background-repeat":"repeat","background-position":"center center","background-size":"auto","background-attachment":"scroll","background-type":"","background-media":"","overlay-type":"","overlay-color":"","overlay-gradient":""},"tablet":{"background-color":"var(--ast-global-color-5)","background-image":"","background-repeat":"repeat","background-position":"center center","background-size":"auto","background-attachment":"scroll","background-type":"","background-media":"","overlay-type":"","overlay-color":"","overlay-gradient":""},"mobile":{"background-color":"var(--ast-global-color-5)","background-image":"","background-repeat":"repeat","background-position":"center center","background-size":"auto","background-attachment":"scroll","background-type":"","background-media":"","overlay-type":"","overlay-color":"","overlay-gradient":""}},"footnotes":""},"class_list":["post-24582","page","type-page","status-publish","hentry"],"uagb_featured_image_src":{"full":false,"thumbnail":false,"medium":false,"medium_large":false,"large":false,"1536x1536":false,"2048x2048":false},"uagb_author_info":{"display_name":"admin","author_link":"http:\/\/www.sdh-brezina.cz\/?author=1"},"uagb_comment_info":0,"uagb_excerpt":"Sout\u011b\u017en\u00ed dru\u017estva P\u0159\u00edpravka Aperyan Levon Dvo\u0159\u00e1k Michal Jur\u010d\u00edk Ond\u0159ej Kousal\u00edk Mat\u011bj Pol\u00e1kov\u00e1 Elena Such\u00fd David Mlad\u0161\u00ed \u017e\u00e1ci Bu\u010dek Hynek Drahovzal Adam Fialkowsk\u00e1 Nat\u00e1lie Fialkowski Robert Poli\u0161ensk\u00fd Dominik Sehnal \u0160imon Stejskal \u0160t\u011bp\u00e1n Sehnalov\u00e1 \u017daneta Zelinkov\u00e1 Linda Star\u0161\u00ed \u017e\u00e1ci Bedna\u0159\u00edkov\u00e1 Linda B\u011block\u00e1 Ane\u017eka Bu\u010dek Albert Bu\u010dek Radek Hol\u00edkov\u00e1 Tereza Ho\u0161kov\u00e1 Lenka Ka\u010d\u00edn Miroslav Koz\u00e1kov\u00e1 Lucie M\u00fcller Mat\u011bj&hellip;","_links":{"self":[{"href":"http:\/\/www.sdh-brezina.cz\/index.php?rest_route=\/wp\/v2\/pages\/24582","targetHints":{"allow":["GET"]}}],"collection":[{"href":"http:\/\/www.sdh-brezina.cz\/index.php?rest_route=\/wp\/v2\/pages"}],"about":[{"href":"http:\/\/www.sdh-brezina.cz\/index.php?rest_route=\/wp\/v2\/types\/page"}],"author":[{"embeddable":true,"href":"http:\/\/www.sdh-brezina.cz\/index.php?rest_route=\/wp\/v2\/users\/1"}],"replies":[{"embeddable":true,"href":"http:\/\/www.sdh-brezina.cz\/index.php?rest_route=%2Fwp%2Fv2%2Fcomments&post=24582"}],"version-history":[{"count":34,"href":"http:\/\/www.sdh-brezina.cz\/index.php?rest_route=\/wp\/v2\/pages\/24582\/revisions"}],"predecessor-version":[{"id":25717,"href":"http:\/\/www.sdh-brezina.cz\/index.php?rest_route=\/wp\/v2\/pages\/24582\/revisions\/25717"}],"up":[{"embeddable":true,"href":"http:\/\/www.sdh-brezina.cz\/index.php?rest_route=\/wp\/v2\/pages\/145"}],"wp:attachment":[{"href":"http:\/\/www.sdh-brezina.cz\/index.php?rest_route=%2Fwp%2Fv2%2Fmedia&parent=24582"}],"curies":[{"name":"wp","href":"https:\/\/api.w.org\/{rel}","templated":true}]}}