{"id":24594,"date":"2021-03-05T09:57:29","date_gmt":"2021-03-05T09:57:29","guid":{"rendered":"http:\/\/www.sdh-brezina.cz\/?page_id=24594"},"modified":"2025-12-05T14:41:54","modified_gmt":"2025-12-05T14:41:54","slug":"vedouci-mladych-hasicu","status":"publish","type":"page","link":"http:\/\/www.sdh-brezina.cz\/?page_id=24594","title":{"rendered":"Vedouc\u00ed mlad\u00fdch hasi\u010d\u016f"},"content":{"rendered":"\t\t<div data-elementor-type=\"wp-post\" data-elementor-id=\"24594\" class=\"elementor elementor-24594\">\n\t\t\t\t\t\t<section class=\"elementor-section elementor-top-section elementor-element elementor-element-74ba2fac elementor-section-boxed elementor-section-height-default elementor-section-height-default\" data-id=\"74ba2fac\" data-element_type=\"section\" data-settings=\"{&quot;background_background&quot;:&quot;classic&quot;,&quot;shape_divider_bottom&quot;:&quot;triangle&quot;,&quot;shape_divider_bottom_negative&quot;:&quot;yes&quot;}\">\n\t\t\t\t\t\t\t<div class=\"elementor-background-overlay\"><\/div>\n\t\t\t\t\t\t<div class=\"elementor-shape elementor-shape-bottom\" data-negative=\"true\">\n\t\t\t<svg xmlns=\"http:\/\/www.w3.org\/2000\/svg\" viewBox=\"0 0 1000 100\" preserveAspectRatio=\"none\">\n\t<path class=\"elementor-shape-fill\" d=\"M500.2,94.7L0,0v100h1000V0L500.2,94.7z\"\/>\n<\/svg>\t\t<\/div>\n\t\t\t\t\t<div class=\"elementor-container elementor-column-gap-default\">\n\t\t\t\t\t<div class=\"elementor-column elementor-col-100 elementor-top-column elementor-element elementor-element-23262dea\" data-id=\"23262dea\" data-element_type=\"column\">\n\t\t\t<div class=\"elementor-widget-wrap elementor-element-populated\">\n\t\t\t\t\t\t<div class=\"elementor-element elementor-element-27af6558 elementor-widget elementor-widget-heading\" data-id=\"27af6558\" data-element_type=\"widget\" data-settings=\"{&quot;_animation&quot;:&quot;none&quot;}\" data-widget_type=\"heading.default\">\n\t\t\t\t<div class=\"elementor-widget-container\">\n\t\t\t<h2 class=\"elementor-heading-title elementor-size-default\">Vedouc\u00ed mlad\u00fdch hasi\u010d\u016f<\/h2>\t\t<\/div>\n\t\t\t\t<\/div>\n\t\t\t\t\t<\/div>\n\t\t<\/div>\n\t\t\t\t\t<\/div>\n\t\t<\/section>\n\t\t\t\t<section class=\"elementor-section elementor-top-section elementor-element elementor-element-8dc6205 elementor-reverse-mobile elementor-section-boxed elementor-section-height-default elementor-section-height-default\" data-id=\"8dc6205\" data-element_type=\"section\" data-settings=\"{&quot;background_background&quot;:&quot;classic&quot;}\">\n\t\t\t\t\t\t\t<div class=\"elementor-background-overlay\"><\/div>\n\t\t\t\t\t\t\t<div class=\"elementor-container elementor-column-gap-no\">\n\t\t\t\t\t<div class=\"elementor-column elementor-col-100 elementor-top-column elementor-element elementor-element-0b0aedc\" data-id=\"0b0aedc\" data-element_type=\"column\">\n\t\t\t<div class=\"elementor-widget-wrap elementor-element-populated\">\n\t\t\t\t\t\t<div class=\"elementor-element elementor-element-4297e37 elementor-widget elementor-widget-text-editor\" data-id=\"4297e37\" data-element_type=\"widget\" data-widget_type=\"text-editor.default\">\n\t\t\t\t<div class=\"elementor-widget-container\">\n\t\t\t\t\t\t\t<h4>P\u0159ehled, tren\u00e9r\u016f, vedouc\u00edch a instruktor\u016f mlad\u00fdch hasi\u010d\u016f<\/h4><table><tbody><tr><td><strong>Funkce<\/strong><\/td><td><strong>Jm\u00e9no<\/strong><\/td><td><strong>Vzd\u011bl\u00e1n\u00ed<\/strong><\/td><td><strong>Telefon<\/strong><\/td><\/tr><tr><td>Hlavn\u00ed vedouc\u00ed mlad\u00fdch hasi\u010d\u016f<\/td><td>Luk\u00e1\u0161 Neu\u017eil<\/td><td>III. stupe\u0148 vedouc\u00ed, III. stupe\u0148 tren\u00e9r po\u017e\u00e1rn\u00edho sportu,\u00a0hlavn\u00ed vedouc\u00ed zotavovac\u00ed akce d\u011bt\u00ed a ml\u00e1de\u017ee<\/td><td>+420 721 268 688<\/td><\/tr><tr><td>Vedouc\u00ed mlad\u00fdch hasi\u010d\u016f<\/td><td>Kamil Neu\u017eil<\/td><td>III. stupe\u0148 vedouc\u00ed<\/td><td>+420 776 731 710<\/td><\/tr><tr><td>Vedouc\u00ed mlad\u00fdch hasi\u010d\u016f<\/td><td>Vlastimil Bedna\u0159\u00edk<\/td><td>III. stupe\u0148 vedouc\u00ed<\/td><td>+420 721 868 608<\/td><\/tr><tr><td>Vedouc\u00ed mlad\u00fdch hasi\u010d\u016f<\/td><td>Vendula Neu\u017eilov\u00e1<\/td><td>III. stupe\u0148 vedouc\u00ed,\u00a0<span style=\"font-size: 16px; font-style: normal; font-weight: 400;\">III. stupe\u0148 tren\u00e9r po\u017e\u00e1rn\u00edho sportu,\u00a0hlavn\u00ed vedouc\u00ed zotavovac\u00ed akce d\u011bt\u00ed a ml\u00e1de\u017ee, zdravotn\u00edk<\/span><\/td><td>\u00a0<\/td><\/tr><tr><td>Vedouc\u00ed mlad\u00fdch hasi\u010d\u016f<\/td><td>Julie N\u011bme\u010dkov\u00e1<\/td><td>III. stupe\u0148 vedouc\u00ed<\/td><td>\u00a0<\/td><\/tr><tr><td>Instruktor mlad\u00fdch hasi\u010d\u016f<\/td><td>Kate\u0159ina Hol\u00edkov\u00e1<\/td><td>III. stupe\u0148 instruktor<\/td><td>\u00a0<\/td><\/tr><\/tbody><\/table>\t\t\t\t\t\t<\/div>\n\t\t\t\t<\/div>\n\t\t\t\t\t<\/div>\n\t\t<\/div>\n\t\t\t\t\t<\/div>\n\t\t<\/section>\n\t\t\t\t<\/div>\n\t\t","protected":false},"excerpt":{"rendered":"<p>Vedouc\u00ed mlad\u00fdch hasi\u010d\u016f P\u0159ehled, tren\u00e9r\u016f, vedouc\u00edch a instruktor\u016f mlad\u00fdch hasi\u010d\u016f Funkce Jm\u00e9no Vzd\u011bl\u00e1n\u00ed Telefon Hlavn\u00ed vedouc\u00ed mlad\u00fdch hasi\u010d\u016f Luk\u00e1\u0161 Neu\u017eil III. stupe\u0148 vedouc\u00ed, III. stupe\u0148 tren\u00e9r po\u017e\u00e1rn\u00edho sportu,\u00a0hlavn\u00ed vedouc\u00ed zotavovac\u00ed akce d\u011bt\u00ed a ml\u00e1de\u017ee +420 721 268 688 Vedouc\u00ed mlad\u00fdch hasi\u010d\u016f Kamil Neu\u017eil III. stupe\u0148 vedouc\u00ed +420 776 731 710 Vedouc\u00ed mlad\u00fdch hasi\u010d\u016f Vlastimil Bedna\u0159\u00edk [&hellip;]<\/p>\n","protected":false},"author":1,"featured_media":0,"parent":145,"menu_order":0,"comment_status":"closed","ping_status":"closed","template":"","meta":{"_uag_custom_page_level_css":"","site-sidebar-layout":"no-sidebar","site-content-layout":"page-builder","ast-site-content-layout":"","site-content-style":"default","site-sidebar-style":"default","ast-global-header-display":"","ast-banner-title-visibility":"","ast-main-header-display":"","ast-hfb-above-header-display":"","ast-hfb-below-header-display":"","ast-hfb-mobile-header-display":"","site-post-title":"disabled","ast-breadcrumbs-content":"","ast-featured-img":"disabled","footer-sml-layout":"","theme-transparent-header-meta":"default","adv-header-id-meta":"","stick-header-meta":"","header-above-stick-meta":"","header-main-stick-meta":"","header-below-stick-meta":"","astra-migrate-meta-layouts":"default","ast-page-background-enabled":"default","ast-page-background-meta":{"desktop":{"background-color":"var(--ast-global-color-4)","background-image":"","background-repeat":"repeat","background-position":"center center","background-size":"auto","background-attachment":"scroll","background-type":"","background-media":"","overlay-type":"","overlay-color":"","overlay-gradient":""},"tablet":{"background-color":"","background-image":"","background-repeat":"repeat","background-position":"center center","background-size":"auto","background-attachment":"scroll","background-type":"","background-media":"","overlay-type":"","overlay-color":"","overlay-gradient":""},"mobile":{"background-color":"","background-image":"","background-repeat":"repeat","background-position":"center center","background-size":"auto","background-attachment":"scroll","background-type":"","background-media":"","overlay-type":"","overlay-color":"","overlay-gradient":""}},"ast-content-background-meta":{"desktop":{"background-color":"var(--ast-global-color-5)","background-image":"","background-repeat":"repeat","background-position":"center center","background-size":"auto","background-attachment":"scroll","background-type":"","background-media":"","overlay-type":"","overlay-color":"","overlay-gradient":""},"tablet":{"background-color":"var(--ast-global-color-5)","background-image":"","background-repeat":"repeat","background-position":"center center","background-size":"auto","background-attachment":"scroll","background-type":"","background-media":"","overlay-type":"","overlay-color":"","overlay-gradient":""},"mobile":{"background-color":"var(--ast-global-color-5)","background-image":"","background-repeat":"repeat","background-position":"center center","background-size":"auto","background-attachment":"scroll","background-type":"","background-media":"","overlay-type":"","overlay-color":"","overlay-gradient":""}},"footnotes":""},"class_list":["post-24594","page","type-page","status-publish","hentry"],"uagb_featured_image_src":{"full":false,"thumbnail":false,"medium":false,"medium_large":false,"large":false,"1536x1536":false,"2048x2048":false},"uagb_author_info":{"display_name":"admin","author_link":"http:\/\/www.sdh-brezina.cz\/?author=1"},"uagb_comment_info":0,"uagb_excerpt":"Vedouc\u00ed mlad\u00fdch hasi\u010d\u016f P\u0159ehled, tren\u00e9r\u016f, vedouc\u00edch a instruktor\u016f mlad\u00fdch hasi\u010d\u016f Funkce Jm\u00e9no Vzd\u011bl\u00e1n\u00ed Telefon Hlavn\u00ed vedouc\u00ed mlad\u00fdch hasi\u010d\u016f Luk\u00e1\u0161 Neu\u017eil III. stupe\u0148 vedouc\u00ed, III. stupe\u0148 tren\u00e9r po\u017e\u00e1rn\u00edho sportu,\u00a0hlavn\u00ed vedouc\u00ed zotavovac\u00ed akce d\u011bt\u00ed a ml\u00e1de\u017ee +420 721 268 688 Vedouc\u00ed mlad\u00fdch hasi\u010d\u016f Kamil Neu\u017eil III. stupe\u0148 vedouc\u00ed +420 776 731 710 Vedouc\u00ed mlad\u00fdch hasi\u010d\u016f Vlastimil Bedna\u0159\u00edk&hellip;","_links":{"self":[{"href":"http:\/\/www.sdh-brezina.cz\/index.php?rest_route=\/wp\/v2\/pages\/24594","targetHints":{"allow":["GET"]}}],"collection":[{"href":"http:\/\/www.sdh-brezina.cz\/index.php?rest_route=\/wp\/v2\/pages"}],"about":[{"href":"http:\/\/www.sdh-brezina.cz\/index.php?rest_route=\/wp\/v2\/types\/page"}],"author":[{"embeddable":true,"href":"http:\/\/www.sdh-brezina.cz\/index.php?rest_route=\/wp\/v2\/users\/1"}],"replies":[{"embeddable":true,"href":"http:\/\/www.sdh-brezina.cz\/index.php?rest_route=%2Fwp%2Fv2%2Fcomments&post=24594"}],"version-history":[{"count":7,"href":"http:\/\/www.sdh-brezina.cz\/index.php?rest_route=\/wp\/v2\/pages\/24594\/revisions"}],"predecessor-version":[{"id":25704,"href":"http:\/\/www.sdh-brezina.cz\/index.php?rest_route=\/wp\/v2\/pages\/24594\/revisions\/25704"}],"up":[{"embeddable":true,"href":"http:\/\/www.sdh-brezina.cz\/index.php?rest_route=\/wp\/v2\/pages\/145"}],"wp:attachment":[{"href":"http:\/\/www.sdh-brezina.cz\/index.php?rest_route=%2Fwp%2Fv2%2Fmedia&parent=24594"}],"curies":[{"name":"wp","href":"https:\/\/api.w.org\/{rel}","templated":true}]}}