{"id":24663,"date":"2021-03-09T09:55:14","date_gmt":"2021-03-09T09:55:14","guid":{"rendered":"http:\/\/www.sdh-brezina.cz\/?page_id=24663"},"modified":"2026-02-10T19:45:15","modified_gmt":"2026-02-10T19:45:15","slug":"o-nas","status":"publish","type":"page","link":"http:\/\/www.sdh-brezina.cz\/?page_id=24663","title":{"rendered":"O n\u00e1s"},"content":{"rendered":"\t\t<div data-elementor-type=\"wp-post\" data-elementor-id=\"24663\" class=\"elementor elementor-24663\">\n\t\t\t\t\t\t<section class=\"elementor-section elementor-top-section elementor-element elementor-element-bf1df4f elementor-section-content-middle elementor-section-boxed elementor-section-height-default elementor-section-height-default\" data-id=\"bf1df4f\" data-element_type=\"section\" data-settings=\"{&quot;background_background&quot;:&quot;classic&quot;,&quot;shape_divider_bottom&quot;:&quot;triangle&quot;,&quot;shape_divider_bottom_negative&quot;:&quot;yes&quot;}\">\n\t\t\t\t\t\t\t<div class=\"elementor-background-overlay\"><\/div>\n\t\t\t\t\t\t<div class=\"elementor-shape elementor-shape-bottom\" data-negative=\"true\">\n\t\t\t<svg xmlns=\"http:\/\/www.w3.org\/2000\/svg\" viewBox=\"0 0 1000 100\" preserveAspectRatio=\"none\">\n\t<path class=\"elementor-shape-fill\" d=\"M500.2,94.7L0,0v100h1000V0L500.2,94.7z\"\/>\n<\/svg>\t\t<\/div>\n\t\t\t\t\t<div class=\"elementor-container elementor-column-gap-default\">\n\t\t\t\t\t<div class=\"elementor-column elementor-col-100 elementor-top-column elementor-element elementor-element-9548f69\" data-id=\"9548f69\" data-element_type=\"column\">\n\t\t\t<div class=\"elementor-widget-wrap elementor-element-populated\">\n\t\t\t\t\t\t<div class=\"elementor-element elementor-element-d30e93f elementor-widget elementor-widget-heading\" data-id=\"d30e93f\" data-element_type=\"widget\" data-settings=\"{&quot;_animation&quot;:&quot;none&quot;}\" data-widget_type=\"heading.default\">\n\t\t\t\t<div class=\"elementor-widget-container\">\n\t\t\t<h1 class=\"elementor-heading-title elementor-size-default\">O n\u00e1s<\/h1>\t\t<\/div>\n\t\t\t\t<\/div>\n\t\t\t\t\t<\/div>\n\t\t<\/div>\n\t\t\t\t\t<\/div>\n\t\t<\/section>\n\t\t\t\t<section class=\"elementor-section elementor-top-section elementor-element elementor-element-71267c6 elementor-section-boxed elementor-section-height-default elementor-section-height-default\" data-id=\"71267c6\" data-element_type=\"section\">\n\t\t\t\t\t\t<div class=\"elementor-container elementor-column-gap-default\">\n\t\t\t\t\t<div class=\"elementor-column elementor-col-50 elementor-top-column elementor-element elementor-element-44b030b\" data-id=\"44b030b\" data-element_type=\"column\">\n\t\t\t<div class=\"elementor-widget-wrap elementor-element-populated\">\n\t\t\t\t\t\t<div class=\"elementor-element elementor-element-97b0e48 elementor-widget elementor-widget-image\" data-id=\"97b0e48\" data-element_type=\"widget\" data-widget_type=\"image.default\">\n\t\t\t\t<div class=\"elementor-widget-container\">\n\t\t\t\t\t\t\t\t\t\t\t\t\t<img fetchpriority=\"high\" decoding=\"async\" width=\"800\" height=\"530\" src=\"http:\/\/www.sdh-brezina.cz\/wp-content\/uploads\/2021\/03\/hasici_brezina.jpg\" class=\"attachment-large size-large wp-image-24500\" alt=\"\" srcset=\"http:\/\/www.sdh-brezina.cz\/wp-content\/uploads\/2021\/03\/hasici_brezina.jpg 800w, http:\/\/www.sdh-brezina.cz\/wp-content\/uploads\/2021\/03\/hasici_brezina-300x199.jpg 300w, http:\/\/www.sdh-brezina.cz\/wp-content\/uploads\/2021\/03\/hasici_brezina-768x509.jpg 768w\" sizes=\"(max-width: 800px) 100vw, 800px\" \/>\t\t\t\t\t\t\t\t\t\t\t\t\t<\/div>\n\t\t\t\t<\/div>\n\t\t\t\t\t<\/div>\n\t\t<\/div>\n\t\t\t\t<div class=\"elementor-column elementor-col-50 elementor-top-column elementor-element elementor-element-9442254\" data-id=\"9442254\" data-element_type=\"column\">\n\t\t\t<div class=\"elementor-widget-wrap elementor-element-populated\">\n\t\t\t\t\t\t<div class=\"elementor-element elementor-element-41e6f28 elementor-widget elementor-widget-text-editor\" data-id=\"41e6f28\" data-element_type=\"widget\" data-widget_type=\"text-editor.default\">\n\t\t\t\t<div class=\"elementor-widget-container\">\n\t\t\t\t\t\t\t<p>Sbor dobrovoln\u00fdch hasi\u010d\u016f \u00a0B\u0159ezina byl zalo\u017een\u00a0<strong>1. \u010dervence roku 1894<\/strong>. P\u0159ijato bylo celkem\u00a032 \u010dlen\u016f.\u00a0Z toho\u00a023 z B\u0159eziny a 9 z Prose\u010de. P\u0159edsedou byl jednohlasn\u011b zvolen\u00a0<strong>Anton\u00edn Knecht<\/strong>, roln\u00edk z B\u0159eziny a tak\u00e9 starosta obce.\u00a0N\u00e1\u010deln\u00edkem se stal\u00a0<strong>Hynek Bayer<\/strong>, kter\u00fd byl prvn\u00ed, kdo s my\u0161lenkou zalo\u017een\u00ed sboru p\u0159i\u0161el.<\/p><p>Nyn\u00ed n\u00e1\u0161 sbor \u010d\u00edt\u00e1 ji\u017e<strong> 99 \u010dlen\u016f<\/strong>. Starostem sboru je <strong>Pavel Neu\u017eil<\/strong> a velitelem <strong>Zbyn\u011bk Tr\u00e1vn\u00ed\u010dek<\/strong>, jednatelem <strong>Kamil Neu\u017eil<\/strong>. O na\u0161e mlad\u00e9 hasi\u010de se star\u00e1 odchovanec na\u0161eho sboru vedouc\u00ed mlad\u00fdch hasi\u010d\u016f <strong>Luk\u00e1\u0161 Neu\u017eil<\/strong> s pomoc\u00ed hospod\u00e1\u0159e <strong>Vlastimila Bedna\u0159\u00edka<\/strong>.<\/p><p>Na\u0161\u00ed hlavn\u00ed \u010dinnost\u00ed je <strong>v\u00fdchova mlad\u00fdch hasi\u010d\u016f<\/strong>, kte\u0159\u00ed n\u00e1s sv\u00fdmi v\u00fdkony, jezd\u00ed reprezentovat na z\u00e1vody po cel\u00e9m okrese. Spousta na\u0161ich d\u011bt\u00ed pokra\u010duje v reprezentaci sboru i v kategorii mu\u017e\u016f a \u017een.<\/p>\t\t\t\t\t\t<\/div>\n\t\t\t\t<\/div>\n\t\t\t\t\t<\/div>\n\t\t<\/div>\n\t\t\t\t\t<\/div>\n\t\t<\/section>\n\t\t\t\t<section class=\"elementor-section elementor-top-section elementor-element elementor-element-e877492 elementor-section-boxed elementor-section-height-default elementor-section-height-default\" data-id=\"e877492\" data-element_type=\"section\">\n\t\t\t\t\t\t<div class=\"elementor-container elementor-column-gap-default\">\n\t\t\t\t\t<div class=\"elementor-column elementor-col-50 elementor-top-column elementor-element elementor-element-bf6a587\" data-id=\"bf6a587\" data-element_type=\"column\">\n\t\t\t<div class=\"elementor-widget-wrap elementor-element-populated\">\n\t\t\t\t\t\t<div class=\"elementor-element elementor-element-3bb1f61 elementor-widget elementor-widget-text-editor\" data-id=\"3bb1f61\" data-element_type=\"widget\" data-widget_type=\"text-editor.default\">\n\t\t\t\t<div class=\"elementor-widget-container\">\n\t\t\t\t\t\t\t<p>N\u00e1\u0161 sbor p\u0159isp\u00edv\u00e1 i ke\u00a0<strong>kulturn\u00edmu d\u011bn\u00ed v\u00a0obci<\/strong>, v\u00a0pr\u016fb\u011bhu roku po\u0159\u00e1d\u00e1me n\u011bkolik akc\u00ed, kter\u00e9 jsou s\u00a0na\u0161\u00edm sborem ji\u017e neodmysliteln\u011b spjaty. Je to na\u0161e\u00a0<strong>Tradi\u010dn\u00ed hasi\u010dsk\u00e1 tancova\u010dka, Ostatky, Letn\u00ed noc a Hasi\u010dsk\u00e9 z\u00e1vody pro d\u011bti i dosp\u011bl\u00e9.<\/strong><\/p><p><strong>\u00a0<\/strong><\/p>\t\t\t\t\t\t<\/div>\n\t\t\t\t<\/div>\n\t\t\t\t\t<\/div>\n\t\t<\/div>\n\t\t\t\t<div class=\"elementor-column elementor-col-50 elementor-top-column elementor-element elementor-element-d379ed0\" data-id=\"d379ed0\" data-element_type=\"column\">\n\t\t\t<div class=\"elementor-widget-wrap elementor-element-populated\">\n\t\t\t\t\t\t<div class=\"elementor-element elementor-element-e53aa11 elementor-widget elementor-widget-image\" data-id=\"e53aa11\" data-element_type=\"widget\" data-widget_type=\"image.default\">\n\t\t\t\t<div class=\"elementor-widget-container\">\n\t\t\t\t\t\t\t\t\t\t\t\t\t<img decoding=\"async\" width=\"1024\" height=\"683\" src=\"http:\/\/www.sdh-brezina.cz\/wp-content\/uploads\/2021\/03\/51612569_1620416371391418_8576380920754339840_o-1024x683.jpg\" class=\"attachment-large size-large wp-image-24658\" alt=\"\" srcset=\"http:\/\/www.sdh-brezina.cz\/wp-content\/uploads\/2021\/03\/51612569_1620416371391418_8576380920754339840_o-1024x683.jpg 1024w, http:\/\/www.sdh-brezina.cz\/wp-content\/uploads\/2021\/03\/51612569_1620416371391418_8576380920754339840_o-300x200.jpg 300w, http:\/\/www.sdh-brezina.cz\/wp-content\/uploads\/2021\/03\/51612569_1620416371391418_8576380920754339840_o-768x512.jpg 768w, http:\/\/www.sdh-brezina.cz\/wp-content\/uploads\/2021\/03\/51612569_1620416371391418_8576380920754339840_o-1536x1024.jpg 1536w, http:\/\/www.sdh-brezina.cz\/wp-content\/uploads\/2021\/03\/51612569_1620416371391418_8576380920754339840_o.jpg 2048w\" sizes=\"(max-width: 1024px) 100vw, 1024px\" \/>\t\t\t\t\t\t\t\t\t\t\t\t\t<\/div>\n\t\t\t\t<\/div>\n\t\t\t\t\t<\/div>\n\t\t<\/div>\n\t\t\t\t\t<\/div>\n\t\t<\/section>\n\t\t\t\t<section class=\"elementor-section elementor-top-section elementor-element elementor-element-3a23369 elementor-section-boxed elementor-section-height-default elementor-section-height-default\" data-id=\"3a23369\" data-element_type=\"section\">\n\t\t\t\t\t\t<div class=\"elementor-container elementor-column-gap-default\">\n\t\t\t\t\t<div class=\"elementor-column elementor-col-100 elementor-top-column elementor-element elementor-element-e8dafef\" data-id=\"e8dafef\" data-element_type=\"column\">\n\t\t\t<div class=\"elementor-widget-wrap elementor-element-populated\">\n\t\t\t\t\t\t<div class=\"elementor-element elementor-element-8bd9528 elementor-widget elementor-widget-text-editor\" data-id=\"8bd9528\" data-element_type=\"widget\" data-widget_type=\"text-editor.default\">\n\t\t\t\t<div class=\"elementor-widget-container\">\n\t\t\t\t\t\t\t<h4>Slo\u017een\u00ed v\u00fdboru SDH B\u0159ezina pro volebn\u00ed obdob\u00ed 2026 &#8211; 2031<\/h4>\n<div>\n<table style=\"font-size: 16px; color: #3a3a3a; font-family: 'PT Sans', sans-serif;\">\n<caption>&nbsp;<\/caption>\n<tbody>\n<tr>\n<td><strong>Funkce<\/strong><\/td>\n<td><strong>Jm\u00e9no<\/strong><\/td>\n<\/tr>\n<tr>\n<td>Starosta<\/td>\n<td>Pavel Neu\u017eil<\/td>\n<\/tr>\n<tr>\n<td>N\u00e1m\u011bstek starosty<\/td>\n<td>Vendula Neu\u017eilov\u00e1<\/td>\n<\/tr>\n<tr>\n<td>Velitel<\/td>\n<td>Tom\u00e1\u0161 Neu\u017eil<\/td>\n<\/tr>\n<tr>\n<td>Hospod\u00e1\u0159<\/td>\n<td>Vlastimil Bedna\u0159\u00edk<\/td>\n<\/tr>\n<tr>\n<td>\u010clen v\u00fdboru &#8211; vedouc\u00ed mlad\u00fdch hasi\u010d\u016f<\/td>\n<td>Luk\u00e1\u0161 Neu\u017eil<\/td>\n<\/tr>\n<tr>\n<td>\u010clen v\u00fdboru &#8211; referent materi\u00e1n\u011b technick\u00fd<\/td>\n<td>Zden\u011bk Sehnal<\/td>\n<\/tr>\n<tr>\n<td>\u010clen v\u00fdboru &#8211; referent kulturn\u00edch akc\u00ed<\/td>\n<td>Petra Neu\u017eilov\u00e1<\/td>\n<\/tr>\n<tr>\n<td>\u010clen v\u00fdboru<\/td>\n<td>Zbyn\u011bk Tr\u00e1vn\u00ed\u010dek<\/td>\n<\/tr>\n<tr>\n<td>\u010clen v\u00fdboru<\/td>\n<td>Maty\u00e1\u0161 Han\u00e1k<\/td>\n<\/tr>\n<tr>\n<td>\u010clen revizn\u00ed rady<\/td>\n<td>Dobromila \u0160pa\u010dkov\u00e1<\/td>\n<\/tr>\n<tr>\n<td>\u010clen revizn\u00ed rady<\/td>\n<td>Julie N\u011bme\u010dkov\u00e1<\/td>\n<\/tr>\n<tr>\n<td>\u010clen revizn\u00ed rady<\/td>\n<td>Martin \u0160legl ml.<\/td>\n<\/tr>\n<\/tbody>\n<\/table>\n<\/div>\t\t\t\t\t\t<\/div>\n\t\t\t\t<\/div>\n\t\t\t\t\t<\/div>\n\t\t<\/div>\n\t\t\t\t\t<\/div>\n\t\t<\/section>\n\t\t\t\t<\/div>\n\t\t","protected":false},"excerpt":{"rendered":"<p>O n\u00e1s Sbor dobrovoln\u00fdch hasi\u010d\u016f \u00a0B\u0159ezina byl zalo\u017een\u00a01. \u010dervence roku 1894. P\u0159ijato bylo celkem\u00a032 \u010dlen\u016f.\u00a0Z toho\u00a023 z B\u0159eziny a 9 z Prose\u010de. P\u0159edsedou byl jednohlasn\u011b zvolen\u00a0Anton\u00edn Knecht, roln\u00edk z B\u0159eziny a tak\u00e9 starosta obce.\u00a0N\u00e1\u010deln\u00edkem se stal\u00a0Hynek Bayer, kter\u00fd byl prvn\u00ed, kdo s my\u0161lenkou zalo\u017een\u00ed sboru p\u0159i\u0161el. Nyn\u00ed n\u00e1\u0161 sbor \u010d\u00edt\u00e1 ji\u017e 99 \u010dlen\u016f. Starostem sboru [&hellip;]<\/p>\n","protected":false},"author":1,"featured_media":0,"parent":0,"menu_order":0,"comment_status":"closed","ping_status":"closed","template":"","meta":{"_uag_custom_page_level_css":"","site-sidebar-layout":"no-sidebar","site-content-layout":"page-builder","ast-site-content-layout":"","site-content-style":"default","site-sidebar-style":"default","ast-global-header-display":"","ast-banner-title-visibility":"","ast-main-header-display":"","ast-hfb-above-header-display":"","ast-hfb-below-header-display":"","ast-hfb-mobile-header-display":"","site-post-title":"disabled","ast-breadcrumbs-content":"","ast-featured-img":"disabled","footer-sml-layout":"","theme-transparent-header-meta":"default","adv-header-id-meta":"","stick-header-meta":"","header-above-stick-meta":"","header-main-stick-meta":"","header-below-stick-meta":"","astra-migrate-meta-layouts":"default","ast-page-background-enabled":"default","ast-page-background-meta":{"desktop":{"background-color":"var(--ast-global-color-4)","background-image":"","background-repeat":"repeat","background-position":"center center","background-size":"auto","background-attachment":"scroll","background-type":"","background-media":"","overlay-type":"","overlay-color":"","overlay-gradient":""},"tablet":{"background-color":"","background-image":"","background-repeat":"repeat","background-position":"center center","background-size":"auto","background-attachment":"scroll","background-type":"","background-media":"","overlay-type":"","overlay-color":"","overlay-gradient":""},"mobile":{"background-color":"","background-image":"","background-repeat":"repeat","background-position":"center center","background-size":"auto","background-attachment":"scroll","background-type":"","background-media":"","overlay-type":"","overlay-color":"","overlay-gradient":""}},"ast-content-background-meta":{"desktop":{"background-color":"var(--ast-global-color-5)","background-image":"","background-repeat":"repeat","background-position":"center center","background-size":"auto","background-attachment":"scroll","background-type":"","background-media":"","overlay-type":"","overlay-color":"","overlay-gradient":""},"tablet":{"background-color":"var(--ast-global-color-5)","background-image":"","background-repeat":"repeat","background-position":"center center","background-size":"auto","background-attachment":"scroll","background-type":"","background-media":"","overlay-type":"","overlay-color":"","overlay-gradient":""},"mobile":{"background-color":"var(--ast-global-color-5)","background-image":"","background-repeat":"repeat","background-position":"center center","background-size":"auto","background-attachment":"scroll","background-type":"","background-media":"","overlay-type":"","overlay-color":"","overlay-gradient":""}},"footnotes":""},"class_list":["post-24663","page","type-page","status-publish","hentry"],"uagb_featured_image_src":{"full":false,"thumbnail":false,"medium":false,"medium_large":false,"large":false,"1536x1536":false,"2048x2048":false},"uagb_author_info":{"display_name":"admin","author_link":"http:\/\/www.sdh-brezina.cz\/?author=1"},"uagb_comment_info":0,"uagb_excerpt":"O n\u00e1s Sbor dobrovoln\u00fdch hasi\u010d\u016f \u00a0B\u0159ezina byl zalo\u017een\u00a01. \u010dervence roku 1894. P\u0159ijato bylo celkem\u00a032 \u010dlen\u016f.\u00a0Z toho\u00a023 z B\u0159eziny a 9 z Prose\u010de. P\u0159edsedou byl jednohlasn\u011b zvolen\u00a0Anton\u00edn Knecht, roln\u00edk z B\u0159eziny a tak\u00e9 starosta obce.\u00a0N\u00e1\u010deln\u00edkem se stal\u00a0Hynek Bayer, kter\u00fd byl prvn\u00ed, kdo s my\u0161lenkou zalo\u017een\u00ed sboru p\u0159i\u0161el. Nyn\u00ed n\u00e1\u0161 sbor \u010d\u00edt\u00e1 ji\u017e 99 \u010dlen\u016f. Starostem sboru&hellip;","_links":{"self":[{"href":"http:\/\/www.sdh-brezina.cz\/index.php?rest_route=\/wp\/v2\/pages\/24663","targetHints":{"allow":["GET"]}}],"collection":[{"href":"http:\/\/www.sdh-brezina.cz\/index.php?rest_route=\/wp\/v2\/pages"}],"about":[{"href":"http:\/\/www.sdh-brezina.cz\/index.php?rest_route=\/wp\/v2\/types\/page"}],"author":[{"embeddable":true,"href":"http:\/\/www.sdh-brezina.cz\/index.php?rest_route=\/wp\/v2\/users\/1"}],"replies":[{"embeddable":true,"href":"http:\/\/www.sdh-brezina.cz\/index.php?rest_route=%2Fwp%2Fv2%2Fcomments&post=24663"}],"version-history":[{"count":7,"href":"http:\/\/www.sdh-brezina.cz\/index.php?rest_route=\/wp\/v2\/pages\/24663\/revisions"}],"predecessor-version":[{"id":25741,"href":"http:\/\/www.sdh-brezina.cz\/index.php?rest_route=\/wp\/v2\/pages\/24663\/revisions\/25741"}],"wp:attachment":[{"href":"http:\/\/www.sdh-brezina.cz\/index.php?rest_route=%2Fwp%2Fv2%2Fmedia&parent=24663"}],"curies":[{"name":"wp","href":"https:\/\/api.w.org\/{rel}","templated":true}]}}