{"id":25078,"date":"2021-06-24T10:54:05","date_gmt":"2021-06-24T10:54:05","guid":{"rendered":"http:\/\/www.sdh-brezina.cz\/?page_id=25078"},"modified":"2025-12-05T14:36:16","modified_gmt":"2025-12-05T14:36:16","slug":"souteze","status":"publish","type":"page","link":"http:\/\/www.sdh-brezina.cz\/?page_id=25078","title":{"rendered":"Sout\u011b\u017ee"},"content":{"rendered":"\t\t<div data-elementor-type=\"wp-post\" data-elementor-id=\"25078\" class=\"elementor elementor-25078\">\n\t\t\t\t\t\t<section class=\"elementor-section elementor-top-section elementor-element elementor-element-74ba2fac elementor-section-boxed elementor-section-height-default elementor-section-height-default\" data-id=\"74ba2fac\" data-element_type=\"section\" data-settings=\"{&quot;background_background&quot;:&quot;classic&quot;,&quot;shape_divider_bottom&quot;:&quot;triangle&quot;,&quot;shape_divider_bottom_negative&quot;:&quot;yes&quot;}\">\n\t\t\t\t\t\t\t<div class=\"elementor-background-overlay\"><\/div>\n\t\t\t\t\t\t<div class=\"elementor-shape elementor-shape-bottom\" data-negative=\"true\">\n\t\t\t<svg xmlns=\"http:\/\/www.w3.org\/2000\/svg\" viewBox=\"0 0 1000 100\" preserveAspectRatio=\"none\">\n\t<path class=\"elementor-shape-fill\" d=\"M500.2,94.7L0,0v100h1000V0L500.2,94.7z\"\/>\n<\/svg>\t\t<\/div>\n\t\t\t\t\t<div class=\"elementor-container elementor-column-gap-default\">\n\t\t\t\t\t<div class=\"elementor-column elementor-col-100 elementor-top-column elementor-element elementor-element-23262dea\" data-id=\"23262dea\" data-element_type=\"column\">\n\t\t\t<div class=\"elementor-widget-wrap elementor-element-populated\">\n\t\t\t\t\t\t<div class=\"elementor-element elementor-element-27af6558 elementor-widget elementor-widget-heading\" data-id=\"27af6558\" data-element_type=\"widget\" data-settings=\"{&quot;_animation&quot;:&quot;none&quot;}\" data-widget_type=\"heading.default\">\n\t\t\t\t<div class=\"elementor-widget-container\">\n\t\t\t<h2 class=\"elementor-heading-title elementor-size-default\">Sout\u011b\u017ee<\/h2>\t\t<\/div>\n\t\t\t\t<\/div>\n\t\t\t\t\t<\/div>\n\t\t<\/div>\n\t\t\t\t\t<\/div>\n\t\t<\/section>\n\t\t\t\t<section class=\"elementor-section elementor-top-section elementor-element elementor-element-c0fdc58 elementor-section-boxed elementor-section-height-default elementor-section-height-default\" data-id=\"c0fdc58\" data-element_type=\"section\">\n\t\t\t\t\t\t<div class=\"elementor-container elementor-column-gap-default\">\n\t\t\t\t\t<div class=\"elementor-column elementor-col-25 elementor-top-column elementor-element elementor-element-86827bc\" data-id=\"86827bc\" data-element_type=\"column\">\n\t\t\t<div class=\"elementor-widget-wrap elementor-element-populated\">\n\t\t\t\t\t\t<div class=\"elementor-element elementor-element-2f66ca2 elementor-align-center elementor-widget elementor-widget-button\" data-id=\"2f66ca2\" data-element_type=\"widget\" data-widget_type=\"button.default\">\n\t\t\t\t<div class=\"elementor-widget-container\">\n\t\t\t\t\t<div class=\"elementor-button-wrapper\">\n\t\t\t<a class=\"elementor-button elementor-button-link elementor-size-sm\" href=\"http:\/\/www.sdh-brezina.cz\/?page_id=25595\">\n\t\t\t\t\t\t<span class=\"elementor-button-content-wrapper\">\n\t\t\t\t\t\t<span class=\"elementor-button-text\">2024<\/span>\n\t\t<\/span>\n\t\t\t\t\t<\/a>\n\t\t<\/div>\n\t\t\t\t<\/div>\n\t\t\t\t<\/div>\n\t\t\t\t\t<\/div>\n\t\t<\/div>\n\t\t\t\t<div class=\"elementor-column elementor-col-25 elementor-top-column elementor-element elementor-element-df56afc\" data-id=\"df56afc\" data-element_type=\"column\">\n\t\t\t<div class=\"elementor-widget-wrap elementor-element-populated\">\n\t\t\t\t\t\t<div class=\"elementor-element elementor-element-64b1820 elementor-align-center elementor-widget elementor-widget-button\" data-id=\"64b1820\" data-element_type=\"widget\" data-widget_type=\"button.default\">\n\t\t\t\t<div class=\"elementor-widget-container\">\n\t\t\t\t\t<div class=\"elementor-button-wrapper\">\n\t\t\t<a class=\"elementor-button elementor-button-link elementor-size-sm\" href=\"http:\/\/www.sdh-brezina.cz\/?page_id=25451\">\n\t\t\t\t\t\t<span class=\"elementor-button-content-wrapper\">\n\t\t\t\t\t\t<span class=\"elementor-button-text\">2023<\/span>\n\t\t<\/span>\n\t\t\t\t\t<\/a>\n\t\t<\/div>\n\t\t\t\t<\/div>\n\t\t\t\t<\/div>\n\t\t\t\t\t<\/div>\n\t\t<\/div>\n\t\t\t\t<div class=\"elementor-column elementor-col-25 elementor-top-column elementor-element elementor-element-fca5adc\" data-id=\"fca5adc\" data-element_type=\"column\">\n\t\t\t<div class=\"elementor-widget-wrap elementor-element-populated\">\n\t\t\t\t\t\t<div class=\"elementor-element elementor-element-a7f7f20 elementor-align-center elementor-widget elementor-widget-button\" data-id=\"a7f7f20\" data-element_type=\"widget\" data-widget_type=\"button.default\">\n\t\t\t\t<div class=\"elementor-widget-container\">\n\t\t\t\t\t<div class=\"elementor-button-wrapper\">\n\t\t\t<a class=\"elementor-button elementor-button-link elementor-size-sm\" href=\"http:\/\/www.sdh-brezina.cz\/2022-2\/\" target=\"_blank\">\n\t\t\t\t\t\t<span class=\"elementor-button-content-wrapper\">\n\t\t\t\t\t\t<span class=\"elementor-button-text\">2022<\/span>\n\t\t<\/span>\n\t\t\t\t\t<\/a>\n\t\t<\/div>\n\t\t\t\t<\/div>\n\t\t\t\t<\/div>\n\t\t\t\t\t<\/div>\n\t\t<\/div>\n\t\t\t\t<div class=\"elementor-column elementor-col-25 elementor-top-column elementor-element elementor-element-f7facd7\" data-id=\"f7facd7\" data-element_type=\"column\">\n\t\t\t<div class=\"elementor-widget-wrap elementor-element-populated\">\n\t\t\t\t\t\t<div class=\"elementor-element elementor-element-c5dd43c elementor-align-center elementor-widget elementor-widget-button\" data-id=\"c5dd43c\" data-element_type=\"widget\" data-widget_type=\"button.default\">\n\t\t\t\t<div class=\"elementor-widget-container\">\n\t\t\t\t\t<div class=\"elementor-button-wrapper\">\n\t\t\t<a class=\"elementor-button elementor-button-link elementor-size-sm\" href=\"http:\/\/www.sdh-brezina.cz\/2021-2\/\" target=\"_blank\">\n\t\t\t\t\t\t<span class=\"elementor-button-content-wrapper\">\n\t\t\t\t\t\t<span class=\"elementor-button-text\">2021<\/span>\n\t\t<\/span>\n\t\t\t\t\t<\/a>\n\t\t<\/div>\n\t\t\t\t<\/div>\n\t\t\t\t<\/div>\n\t\t\t\t\t<\/div>\n\t\t<\/div>\n\t\t\t\t\t<\/div>\n\t\t<\/section>\n\t\t\t\t<section class=\"elementor-section elementor-top-section elementor-element elementor-element-1dce3fb elementor-section-boxed elementor-section-height-default elementor-section-height-default\" data-id=\"1dce3fb\" data-element_type=\"section\">\n\t\t\t\t\t\t<div class=\"elementor-container elementor-column-gap-default\">\n\t\t\t\t\t<div class=\"elementor-column elementor-col-25 elementor-top-column elementor-element elementor-element-205aad6\" data-id=\"205aad6\" data-element_type=\"column\">\n\t\t\t<div class=\"elementor-widget-wrap elementor-element-populated\">\n\t\t\t\t\t\t<div class=\"elementor-element elementor-element-4fcf4af elementor-align-center elementor-widget elementor-widget-button\" data-id=\"4fcf4af\" data-element_type=\"widget\" data-widget_type=\"button.default\">\n\t\t\t\t<div class=\"elementor-widget-container\">\n\t\t\t\t\t<div class=\"elementor-button-wrapper\">\n\t\t\t<a class=\"elementor-button elementor-button-link elementor-size-sm\" href=\"http:\/\/www.sdh-brezina.cz\/2020-2\/\" target=\"_blank\">\n\t\t\t\t\t\t<span class=\"elementor-button-content-wrapper\">\n\t\t\t\t\t\t<span class=\"elementor-button-text\">2020<\/span>\n\t\t<\/span>\n\t\t\t\t\t<\/a>\n\t\t<\/div>\n\t\t\t\t<\/div>\n\t\t\t\t<\/div>\n\t\t\t\t\t<\/div>\n\t\t<\/div>\n\t\t\t\t<div class=\"elementor-column elementor-col-25 elementor-top-column elementor-element elementor-element-a58d012\" data-id=\"a58d012\" data-element_type=\"column\">\n\t\t\t<div class=\"elementor-widget-wrap elementor-element-populated\">\n\t\t\t\t\t\t<div class=\"elementor-element elementor-element-3436df8 elementor-align-center elementor-widget elementor-widget-button\" data-id=\"3436df8\" data-element_type=\"widget\" data-widget_type=\"button.default\">\n\t\t\t\t<div class=\"elementor-widget-container\">\n\t\t\t\t\t<div class=\"elementor-button-wrapper\">\n\t\t\t<a class=\"elementor-button elementor-button-link elementor-size-sm\" href=\"http:\/\/www.sdh-brezina.cz\/2019-2\/\" target=\"_blank\">\n\t\t\t\t\t\t<span class=\"elementor-button-content-wrapper\">\n\t\t\t\t\t\t<span class=\"elementor-button-text\">2019<\/span>\n\t\t<\/span>\n\t\t\t\t\t<\/a>\n\t\t<\/div>\n\t\t\t\t<\/div>\n\t\t\t\t<\/div>\n\t\t\t\t\t<\/div>\n\t\t<\/div>\n\t\t\t\t<div class=\"elementor-column elementor-col-25 elementor-top-column elementor-element elementor-element-f5adf33\" data-id=\"f5adf33\" data-element_type=\"column\">\n\t\t\t<div class=\"elementor-widget-wrap\">\n\t\t\t\t\t\t\t<\/div>\n\t\t<\/div>\n\t\t\t\t<div class=\"elementor-column elementor-col-25 elementor-top-column elementor-element elementor-element-a7b6e53\" data-id=\"a7b6e53\" data-element_type=\"column\">\n\t\t\t<div class=\"elementor-widget-wrap\">\n\t\t\t\t\t\t\t<\/div>\n\t\t<\/div>\n\t\t\t\t\t<\/div>\n\t\t<\/section>\n\t\t\t\t<section class=\"elementor-section elementor-top-section elementor-element elementor-element-2d78eba elementor-section-boxed elementor-section-height-default elementor-section-height-default\" data-id=\"2d78eba\" data-element_type=\"section\">\n\t\t\t\t\t\t<div class=\"elementor-container elementor-column-gap-default\">\n\t\t\t\t\t<div class=\"elementor-column elementor-col-100 elementor-top-column elementor-element elementor-element-9f93932\" data-id=\"9f93932\" data-element_type=\"column\">\n\t\t\t<div class=\"elementor-widget-wrap elementor-element-populated\">\n\t\t\t\t\t\t<div class=\"elementor-element elementor-element-f99ea89 elementor-widget elementor-widget-text-editor\" data-id=\"f99ea89\" data-element_type=\"widget\" data-widget_type=\"text-editor.default\">\n\t\t\t\t<div class=\"elementor-widget-container\">\n\t\t\t\t\t\t\t<h4>Seznam sout\u011b\u017e\u00ed Mlad\u00fdch hasi\u010d\u016f v roce 2025<\/h4>\n<table>\n<tbody>\n<tr>\n<td><strong>Datum<\/strong><\/td>\n<td><strong>M\u00edsto<\/strong><\/td>\n<td><strong>Mlad\u0161\u00ed<br><\/strong><\/td>\n<td><strong>Star\u0161\u00ed &#8222;A&#8220;<br><\/strong><\/td>\n<td><strong>Star\u0161\u00ed &#8222;B&#8220;<br><\/strong><\/td>\n<\/tr>\n<tr>\n<td>30. 3. 2025<\/td>\n<td>B\u0159ezina<\/td>\n<td>3.<\/td>\n<td>1.<\/td>\n<td>&nbsp;<\/td>\n<\/tr>\n<tr>\n<td>5. 4. 2025<\/td>\n<td>\u0160o\u0161\u016fvka<\/td>\n<td>&nbsp;<\/td>\n<td>14.<\/td>\n<td>&nbsp;<\/td>\n<\/tr>\n<tr>\n<td>3. 5. 2025<\/td>\n<td>Vav\u0159inec<\/td>\n<td>8,<\/td>\n<td>2.<\/td>\n<td>15.<\/td>\n<\/tr>\n<tr>\n<td>8. 5. 2025<\/td>\n<td>Velk\u00e9 Opatovice<\/td>\n<td>12.<\/td>\n<td>2.<\/td>\n<td>5.<\/td>\n<\/tr>\n<tr>\n<td>10. 5. 2025<\/td>\n<td>Bo\u0159itov<\/td>\n<td>&nbsp;<\/td>\n<td>2.<\/td>\n<td>&nbsp;<\/td>\n<\/tr>\n<tr>\n<td>17. 5. 2025<\/td>\n<td>R\u00e1je\u010dko &#8211; Plamen<\/td>\n<td>&nbsp;<\/td>\n<td>&nbsp;4.<\/td>\n<td>&nbsp;<\/td>\n<\/tr>\n<tr>\n<td>24. 5. 2025<\/td>\n<td>Drnovice (u Vy\u0161kova)<\/td>\n<td>&nbsp;2.<\/td>\n<td>&nbsp;9.<\/td>\n<td>&nbsp;12.<\/td>\n<\/tr>\n<tr>\n<td>1. 6. 2025<\/td>\n<td>B\u0159ezina<\/td>\n<td>&nbsp;5.<\/td>\n<td>&nbsp;14.<\/td>\n<td>&nbsp;1.<\/td>\n<\/tr>\n<tr>\n<td>7. 6. 2025<\/td>\n<td>\u0160ebetov<\/td>\n<td>&nbsp;<\/td>\n<td>&nbsp;1.<\/td>\n<td>&nbsp;<\/td>\n<\/tr>\n<tr>\n<td>14. 6. 2025<\/td>\n<td>Ostrov u Macochy &#8211; no\u010dn\u00ed<\/td>\n<td>&nbsp;14.<\/td>\n<td>&nbsp;3.<\/td>\n<td>&nbsp;5.<\/td>\n<\/tr>\n<tr>\n<td>21. 6. 2025<\/td>\n<td>Senet\u00e1\u0159ov &#8211; no\u010dn\u00ed<\/td>\n<td>&nbsp;4.<\/td>\n<td>3.<\/td>\n<td>&nbsp;19.<\/td>\n<\/tr>\n<tr>\n<td>22. 6. 2025<\/td>\n<td>Drnovice (u Lysic)<\/td>\n<td>&nbsp;11.<\/td>\n<td>&nbsp;2.<\/td>\n<td>&nbsp;4.<\/td>\n<\/tr>\n<tr>\n<td>28. 6. 2025<\/td>\n<td>\u00dajezd u Kun\u0161t\u00e1tu<\/td>\n<td>&nbsp;<\/td>\n<td>&nbsp;1.<\/td>\n<td>&nbsp;4.<\/td>\n<\/tr>\n<tr>\n<td>30. 8. 2025<\/td>\n<td>Sychot\u00edn<\/td>\n<td>&nbsp;20.<\/td>\n<td>&nbsp;15.<\/td>\n<td>&nbsp;7.<\/td>\n<\/tr>\n<tr>\n<td>31. 8. 2025<\/td>\n<td>T\u011bchov<\/td>\n<td>&nbsp;14.<\/td>\n<td>&nbsp;3.<\/td>\n<td>&nbsp;7.<\/td>\n<\/tr>\n<tr>\n<td>13. 9. 2025<\/td>\n<td>Sebranice<\/td>\n<td>&nbsp;<\/td>\n<td>&nbsp;6.<\/td>\n<td>&nbsp;9.<\/td>\n<\/tr>\n<tr>\n<td>27. 9. 2025<\/td>\n<td>Sychot\u00edn<\/td>\n<td>&nbsp;<\/td>\n<td>&nbsp;9.<\/td>\n<td>&nbsp;<\/td>\n<\/tr>\n<tr>\n<td>4. 10. 2025<\/td>\n<td>Vav\u0159inec &#8211; Plamen<\/td>\n<td>&nbsp;17.<\/td>\n<td>&nbsp;9.<\/td>\n<td>&nbsp;<\/td>\n<\/tr>\n<\/tbody>\n<\/table>\t\t\t\t\t\t<\/div>\n\t\t\t\t<\/div>\n\t\t\t\t\t<\/div>\n\t\t<\/div>\n\t\t\t\t\t<\/div>\n\t\t<\/section>\n\t\t\t\t<\/div>\n\t\t","protected":false},"excerpt":{"rendered":"<p>Sout\u011b\u017ee 2024 2023 2022 2021 2020 2019 Seznam sout\u011b\u017e\u00ed Mlad\u00fdch hasi\u010d\u016f v roce 2025 Datum M\u00edsto Mlad\u0161\u00ed Star\u0161\u00ed &#8222;A&#8220; Star\u0161\u00ed &#8222;B&#8220; 30. 3. 2025 B\u0159ezina 3. 1. &nbsp; 5. 4. 2025 \u0160o\u0161\u016fvka &nbsp; 14. &nbsp; 3. 5. 2025 Vav\u0159inec 8, 2. 15. 8. 5. 2025 Velk\u00e9 Opatovice 12. 2. 5. 10. 5. 2025 Bo\u0159itov &nbsp; [&hellip;]<\/p>\n","protected":false},"author":3,"featured_media":0,"parent":145,"menu_order":0,"comment_status":"closed","ping_status":"closed","template":"","meta":{"_uag_custom_page_level_css":"","site-sidebar-layout":"no-sidebar","site-content-layout":"page-builder","ast-site-content-layout":"","site-content-style":"default","site-sidebar-style":"default","ast-global-header-display":"","ast-banner-title-visibility":"","ast-main-header-display":"","ast-hfb-above-header-display":"","ast-hfb-below-header-display":"","ast-hfb-mobile-header-display":"","site-post-title":"disabled","ast-breadcrumbs-content":"","ast-featured-img":"disabled","footer-sml-layout":"","theme-transparent-header-meta":"default","adv-header-id-meta":"","stick-header-meta":"","header-above-stick-meta":"","header-main-stick-meta":"","header-below-stick-meta":"","astra-migrate-meta-layouts":"default","ast-page-background-enabled":"default","ast-page-background-meta":{"desktop":{"background-color":"var(--ast-global-color-4)","background-image":"","background-repeat":"repeat","background-position":"center center","background-size":"auto","background-attachment":"scroll","background-type":"","background-media":"","overlay-type":"","overlay-color":"","overlay-gradient":""},"tablet":{"background-color":"","background-image":"","background-repeat":"repeat","background-position":"center center","background-size":"auto","background-attachment":"scroll","background-type":"","background-media":"","overlay-type":"","overlay-color":"","overlay-gradient":""},"mobile":{"background-color":"","background-image":"","background-repeat":"repeat","background-position":"center center","background-size":"auto","background-attachment":"scroll","background-type":"","background-media":"","overlay-type":"","overlay-color":"","overlay-gradient":""}},"ast-content-background-meta":{"desktop":{"background-color":"var(--ast-global-color-5)","background-image":"","background-repeat":"repeat","background-position":"center center","background-size":"auto","background-attachment":"scroll","background-type":"","background-media":"","overlay-type":"","overlay-color":"","overlay-gradient":""},"tablet":{"background-color":"var(--ast-global-color-5)","background-image":"","background-repeat":"repeat","background-position":"center center","background-size":"auto","background-attachment":"scroll","background-type":"","background-media":"","overlay-type":"","overlay-color":"","overlay-gradient":""},"mobile":{"background-color":"var(--ast-global-color-5)","background-image":"","background-repeat":"repeat","background-position":"center center","background-size":"auto","background-attachment":"scroll","background-type":"","background-media":"","overlay-type":"","overlay-color":"","overlay-gradient":""}},"footnotes":""},"class_list":["post-25078","page","type-page","status-publish","hentry"],"uagb_featured_image_src":{"full":false,"thumbnail":false,"medium":false,"medium_large":false,"large":false,"1536x1536":false,"2048x2048":false},"uagb_author_info":{"display_name":"lukin","author_link":"http:\/\/www.sdh-brezina.cz\/?author=3"},"uagb_comment_info":0,"uagb_excerpt":"Sout\u011b\u017ee 2024 2023 2022 2021 2020 2019 Seznam sout\u011b\u017e\u00ed Mlad\u00fdch hasi\u010d\u016f v roce 2025 Datum M\u00edsto Mlad\u0161\u00ed Star\u0161\u00ed &#8222;A&#8220; Star\u0161\u00ed &#8222;B&#8220; 30. 3. 2025 B\u0159ezina 3. 1. &nbsp; 5. 4. 2025 \u0160o\u0161\u016fvka &nbsp; 14. &nbsp; 3. 5. 2025 Vav\u0159inec 8, 2. 15. 8. 5. 2025 Velk\u00e9 Opatovice 12. 2. 5. 10. 5. 2025 Bo\u0159itov &nbsp;&hellip;","_links":{"self":[{"href":"http:\/\/www.sdh-brezina.cz\/index.php?rest_route=\/wp\/v2\/pages\/25078","targetHints":{"allow":["GET"]}}],"collection":[{"href":"http:\/\/www.sdh-brezina.cz\/index.php?rest_route=\/wp\/v2\/pages"}],"about":[{"href":"http:\/\/www.sdh-brezina.cz\/index.php?rest_route=\/wp\/v2\/types\/page"}],"author":[{"embeddable":true,"href":"http:\/\/www.sdh-brezina.cz\/index.php?rest_route=\/wp\/v2\/users\/3"}],"replies":[{"embeddable":true,"href":"http:\/\/www.sdh-brezina.cz\/index.php?rest_route=%2Fwp%2Fv2%2Fcomments&post=25078"}],"version-history":[{"count":77,"href":"http:\/\/www.sdh-brezina.cz\/index.php?rest_route=\/wp\/v2\/pages\/25078\/revisions"}],"predecessor-version":[{"id":25698,"href":"http:\/\/www.sdh-brezina.cz\/index.php?rest_route=\/wp\/v2\/pages\/25078\/revisions\/25698"}],"up":[{"embeddable":true,"href":"http:\/\/www.sdh-brezina.cz\/index.php?rest_route=\/wp\/v2\/pages\/145"}],"wp:attachment":[{"href":"http:\/\/www.sdh-brezina.cz\/index.php?rest_route=%2Fwp%2Fv2%2Fmedia&parent=25078"}],"curies":[{"name":"wp","href":"https:\/\/api.w.org\/{rel}","templated":true}]}}