{"id":25451,"date":"2024-05-05T07:10:15","date_gmt":"2024-05-05T07:10:15","guid":{"rendered":"http:\/\/www.sdh-brezina.cz\/?page_id=25451"},"modified":"2024-05-05T07:10:15","modified_gmt":"2024-05-05T07:10:15","slug":"2023-2","status":"publish","type":"page","link":"http:\/\/www.sdh-brezina.cz\/?page_id=25451","title":{"rendered":"2023"},"content":{"rendered":"\n<h4 class=\"wp-block-heading\">Seznam sout\u011b\u017e\u00ed Mlad\u00fdch hasi\u010d\u016f v roce 2023<\/h4>\n\n\n\n<figure class=\"wp-block-table\"><table><tbody><tr><td><strong>Datum<\/strong><\/td><td><strong>M\u00edsto<\/strong><\/td><td><strong>Mlad\u0161\u00ed<\/strong><\/td><td><strong>Star\u0161\u00ed &#8222;A&#8220;<\/strong><\/td><td><strong>Star\u0161\u00ed &#8222;B&#8220;<\/strong><\/td><\/tr><tr><td>1. 4. 2023<\/td><td>\u0160o\u0161\u016fvka<\/td><td>3.<\/td><td>3.<\/td><td>&nbsp;4.<\/td><\/tr><tr><td>8. 4. 2023<\/td><td>B\u0159ezina<\/td><td>&nbsp;3.<\/td><td>&nbsp;2.<\/td><td>&nbsp;8.<\/td><\/tr><tr><td>15. 4. 2023<\/td><td>Drnovice &#8211; zru\u0161eno<\/td><td>&nbsp;<\/td><td>&nbsp;<\/td><td>&nbsp;<\/td><\/tr><tr><td>22. 4. 2023<\/td><td>Bo\u0159itov<\/td><td>&nbsp;<\/td><td>7.<\/td><td>8.<\/td><\/tr><tr><td>23. 4. 2023<\/td><td>Bo\u0159itov &#8211; dorost<\/td><td>&nbsp;<\/td><td>&nbsp;<\/td><td>&nbsp;<\/td><\/tr><tr><td>29. 4. 2023<\/td><td>Senet\u00e1\u0159ov &#8211; jednotlivci<\/td><td>&nbsp;<\/td><td>&nbsp;<\/td><td>&nbsp;<\/td><\/tr><tr><td>1. 5. 2023<\/td><td>Velk\u00e9 Opatovice &#8211; dorost<\/td><td>&nbsp;<\/td><td>&nbsp;<\/td><td>&nbsp;<\/td><\/tr><tr><td>6. 5. 2023<\/td><td>Vav\u0159inec<\/td><td>6.<\/td><td>&nbsp;9.<\/td><td>11.<\/td><\/tr><tr><td>8. 5. 2023<\/td><td>Velk\u00e9 Opatovice<\/td><td>&nbsp;<\/td><td>9.<\/td><td>&nbsp;<\/td><\/tr><tr><td>20. 5. 2023<\/td><td>Velk\u00e9 Opatovice &#8211; Plamen<\/td><td>&nbsp;<\/td><td>&nbsp;<\/td><td>&nbsp;<\/td><\/tr><tr><td>27. 5. 2023<\/td><td>Senet\u00e1\u0159ov &#8211; dorost<\/td><td>&nbsp;<\/td><td>&nbsp;<\/td><td>&nbsp;<\/td><\/tr><tr><td>3. 6. 2023<\/td><td>\u0160ebetov<\/td><td>&nbsp;4.<\/td><td>&nbsp;3.<\/td><td>&nbsp;9.<\/td><\/tr><tr><td>4. 6. 2023<\/td><td>B\u0159ezina<\/td><td>&nbsp;5.<\/td><td>&nbsp;7.<\/td><td>&nbsp;11.<\/td><\/tr><tr><td>10. 6. 2023<\/td><td>Sychot\u00edn<\/td><td>&nbsp;<\/td><td>&nbsp;3.<\/td><td>&nbsp;8.<\/td><\/tr><tr><td>17. 6. 2023<\/td><td>Ostrov u Macochy<\/td><td>&nbsp;2.<\/td><td>&nbsp;6.<\/td><td>&nbsp;15.<\/td><\/tr><tr><td>24. 6. 2023<\/td><td>Senet\u00e1\u0159ov<\/td><td>&nbsp;2.<\/td><td>&nbsp;15.<\/td><td>&nbsp;16.<\/td><\/tr><tr><td>26. 8. 2023<\/td><td>\u00dajezd u Kun\u0161t\u00e1tu<\/td><td>&nbsp;1.<\/td><td>&nbsp;10.<\/td><td>&nbsp;9.<\/td><\/tr><tr><td>3. 9. 2023<\/td><td>T\u011bchov<\/td><td>14.<\/td><td>15.<\/td><td>20.<\/td><\/tr><tr><td>9. 9. 2023<\/td><td>\u0160o\u0161\u016fvka<\/td><td>&nbsp;8.<\/td><td>&nbsp;20.<\/td><td>&nbsp;18.<\/td><\/tr><tr><td>16. 9. 2023<\/td><td>Sebranice<\/td><td>&nbsp;7.<\/td><td>14.<\/td><td>&nbsp;<\/td><\/tr><tr><td>28. 9. 2023<\/td><td>Sychot\u00edn<\/td><td>7.<\/td><td>&nbsp;18.<\/td><td>&nbsp;<\/td><\/tr><tr><td>7. 10. 2023<\/td><td>Senet\u00e1\u0159ov okresn\u00ed kolo<\/td><td>&nbsp;<\/td><td>&nbsp;9.<\/td><td>&nbsp;<\/td><\/tr><\/tbody><\/table><\/figure>\n","protected":false},"excerpt":{"rendered":"<p>Seznam sout\u011b\u017e\u00ed Mlad\u00fdch hasi\u010d\u016f v roce 2023 Datum M\u00edsto Mlad\u0161\u00ed Star\u0161\u00ed &#8222;A&#8220; Star\u0161\u00ed &#8222;B&#8220; 1. 4. 2023 \u0160o\u0161\u016fvka 3. 3. &nbsp;4. 8. 4. 2023 B\u0159ezina &nbsp;3. &nbsp;2. &nbsp;8. 15. 4. 2023 Drnovice &#8211; zru\u0161eno &nbsp; &nbsp; &nbsp; 22. 4. 2023 Bo\u0159itov &nbsp; 7. 8. 23. 4. 2023 Bo\u0159itov &#8211; dorost &nbsp; &nbsp; &nbsp; 29. 4. [&hellip;]<\/p>\n","protected":false},"author":3,"featured_media":0,"parent":0,"menu_order":0,"comment_status":"closed","ping_status":"closed","template":"","meta":{"_uag_custom_page_level_css":"","site-sidebar-layout":"default","site-content-layout":"","ast-site-content-layout":"default","site-content-style":"default","site-sidebar-style":"default","ast-global-header-display":"","ast-banner-title-visibility":"","ast-main-header-display":"","ast-hfb-above-header-display":"","ast-hfb-below-header-display":"","ast-hfb-mobile-header-display":"","site-post-title":"","ast-breadcrumbs-content":"","ast-featured-img":"","footer-sml-layout":"","theme-transparent-header-meta":"","adv-header-id-meta":"","stick-header-meta":"","header-above-stick-meta":"","header-main-stick-meta":"","header-below-stick-meta":"","astra-migrate-meta-layouts":"set","ast-page-background-enabled":"default","ast-page-background-meta":{"desktop":{"background-color":"var(--ast-global-color-4)","background-image":"","background-repeat":"repeat","background-position":"center center","background-size":"auto","background-attachment":"scroll","background-type":"","background-media":"","overlay-type":"","overlay-color":"","overlay-gradient":""},"tablet":{"background-color":"","background-image":"","background-repeat":"repeat","background-position":"center center","background-size":"auto","background-attachment":"scroll","background-type":"","background-media":"","overlay-type":"","overlay-color":"","overlay-gradient":""},"mobile":{"background-color":"","background-image":"","background-repeat":"repeat","background-position":"center center","background-size":"auto","background-attachment":"scroll","background-type":"","background-media":"","overlay-type":"","overlay-color":"","overlay-gradient":""}},"ast-content-background-meta":{"desktop":{"background-color":"var(--ast-global-color-5)","background-image":"","background-repeat":"repeat","background-position":"center center","background-size":"auto","background-attachment":"scroll","background-type":"","background-media":"","overlay-type":"","overlay-color":"","overlay-gradient":""},"tablet":{"background-color":"var(--ast-global-color-5)","background-image":"","background-repeat":"repeat","background-position":"center center","background-size":"auto","background-attachment":"scroll","background-type":"","background-media":"","overlay-type":"","overlay-color":"","overlay-gradient":""},"mobile":{"background-color":"var(--ast-global-color-5)","background-image":"","background-repeat":"repeat","background-position":"center center","background-size":"auto","background-attachment":"scroll","background-type":"","background-media":"","overlay-type":"","overlay-color":"","overlay-gradient":""}},"footnotes":""},"class_list":["post-25451","page","type-page","status-publish","hentry"],"uagb_featured_image_src":{"full":false,"thumbnail":false,"medium":false,"medium_large":false,"large":false,"1536x1536":false,"2048x2048":false},"uagb_author_info":{"display_name":"lukin","author_link":"http:\/\/www.sdh-brezina.cz\/?author=3"},"uagb_comment_info":0,"uagb_excerpt":"Seznam sout\u011b\u017e\u00ed Mlad\u00fdch hasi\u010d\u016f v roce 2023 Datum M\u00edsto Mlad\u0161\u00ed Star\u0161\u00ed &#8222;A&#8220; Star\u0161\u00ed &#8222;B&#8220; 1. 4. 2023 \u0160o\u0161\u016fvka 3. 3. &nbsp;4. 8. 4. 2023 B\u0159ezina &nbsp;3. &nbsp;2. &nbsp;8. 15. 4. 2023 Drnovice &#8211; zru\u0161eno &nbsp; &nbsp; &nbsp; 22. 4. 2023 Bo\u0159itov &nbsp; 7. 8. 23. 4. 2023 Bo\u0159itov &#8211; dorost &nbsp; &nbsp; &nbsp; 29. 4.&hellip;","_links":{"self":[{"href":"http:\/\/www.sdh-brezina.cz\/index.php?rest_route=\/wp\/v2\/pages\/25451","targetHints":{"allow":["GET"]}}],"collection":[{"href":"http:\/\/www.sdh-brezina.cz\/index.php?rest_route=\/wp\/v2\/pages"}],"about":[{"href":"http:\/\/www.sdh-brezina.cz\/index.php?rest_route=\/wp\/v2\/types\/page"}],"author":[{"embeddable":true,"href":"http:\/\/www.sdh-brezina.cz\/index.php?rest_route=\/wp\/v2\/users\/3"}],"replies":[{"embeddable":true,"href":"http:\/\/www.sdh-brezina.cz\/index.php?rest_route=%2Fwp%2Fv2%2Fcomments&post=25451"}],"version-history":[{"count":1,"href":"http:\/\/www.sdh-brezina.cz\/index.php?rest_route=\/wp\/v2\/pages\/25451\/revisions"}],"predecessor-version":[{"id":25452,"href":"http:\/\/www.sdh-brezina.cz\/index.php?rest_route=\/wp\/v2\/pages\/25451\/revisions\/25452"}],"wp:attachment":[{"href":"http:\/\/www.sdh-brezina.cz\/index.php?rest_route=%2Fwp%2Fv2%2Fmedia&parent=25451"}],"curies":[{"name":"wp","href":"https:\/\/api.w.org\/{rel}","templated":true}]}}