{"id":25595,"date":"2025-05-14T18:04:38","date_gmt":"2025-05-14T18:04:38","guid":{"rendered":"http:\/\/www.sdh-brezina.cz\/?page_id=25595"},"modified":"2025-05-14T18:04:38","modified_gmt":"2025-05-14T18:04:38","slug":"2024-2","status":"publish","type":"page","link":"http:\/\/www.sdh-brezina.cz\/?page_id=25595","title":{"rendered":"2024"},"content":{"rendered":"\n<h4 class=\"wp-block-heading\">Seznam sout\u011b\u017e\u00ed Mlad\u00fdch hasi\u010d\u016f v roce 2024<\/h4>\n\n\n\n<figure class=\"wp-block-table\"><table class=\"has-fixed-layout\"><tbody><tr><td><strong>Datum<\/strong><\/td><td><strong>M\u00edsto<\/strong><\/td><td><strong>Mlad\u0161\u00ed<\/strong><\/td><td><strong>Star\u0161\u00ed &#8222;A&#8220;<\/strong><\/td><td><strong>Star\u0161\u00ed &#8222;B&#8220;<\/strong><\/td><\/tr><tr><td>30. 3. 2024<\/td><td>B\u0159ezina<\/td><td>3.<\/td><td>2.<\/td><td>3.<\/td><\/tr><tr><td>13. 4. 2024<\/td><td>\u0160o\u0161\u016fvka<\/td><td>2.<\/td><td>4.<\/td><td>10.<\/td><\/tr><tr><td>4. 5. 2024<\/td><td>Vav\u0159inec<\/td><td>&nbsp;<\/td><td>9.<\/td><td>11.<\/td><\/tr><tr><td>11. 5. 2024<\/td><td>Bo\u0159itov<\/td><td>&nbsp;<\/td><td>&nbsp;4.<\/td><td>&nbsp;9.<\/td><\/tr><tr><td>18. 5. 2024<\/td><td>Velk\u00e9 Opatovice &#8211; Plamen<\/td><td>&nbsp;<\/td><td>&nbsp;10.<\/td><td>&nbsp;<\/td><\/tr><tr><td>1. 6. 2024<\/td><td>\u0160ebetov<\/td><td>4.<\/td><td>&nbsp;8.<\/td><td>&nbsp;<\/td><\/tr><tr><td>2. 6. 2024<\/td><td>B\u0159ezina<\/td><td>&nbsp;9.<\/td><td>&nbsp;13.<\/td><td>&nbsp;15.<\/td><\/tr><tr><td>8. 6. 2024<\/td><td>Sychot\u00edn<\/td><td>17.<\/td><td>&nbsp;8.<\/td><td>&nbsp;18.<\/td><\/tr><tr><td>15. 6. 2024<\/td><td>Ostrov u Macochy &#8211; no\u010dn\u00ed<\/td><td>18.<\/td><td>&nbsp;zru\u0161eno<\/td><td>&nbsp;zru\u0161eno<\/td><\/tr><tr><td>22. 6. 2024<\/td><td>Senet\u00e1\u0159ov &#8211; no\u010dn\u00ed<\/td><td>&nbsp;13.<\/td><td>3.<\/td><td>&nbsp;5.<\/td><\/tr><tr><td>23. 6. 2024<\/td><td>Drnovice<\/td><td>&nbsp;11.<\/td><td>2.<\/td><td>11.<\/td><\/tr><tr><td>31. 8. 2024<\/td><td>\u00dajezd u Kun\u0161t\u00e1tu<\/td><td>&nbsp;<\/td><td>&nbsp;12.<\/td><td>&nbsp;14.<\/td><\/tr><tr><td>1. 9. 2024<\/td><td>T\u011bchov<\/td><td>&nbsp;<\/td><td>&nbsp;13.<\/td><td>&nbsp;17.<\/td><\/tr><tr><td>21. 9. 2024<\/td><td>Sebranice<\/td><td>&nbsp;<\/td><td>7.<\/td><td>17.<\/td><\/tr><tr><td>29. 9. 2024<\/td><td>Sychot\u00edn<\/td><td>&nbsp;<\/td><td>&nbsp;14.<\/td><td>&nbsp;<\/td><\/tr><tr><td>5. 10. 2024<\/td><td>Senet\u00e1\u0159ov &#8211; Plamen<\/td><td>&nbsp;<\/td><td>&nbsp;15.<\/td><td>&nbsp;23.<\/td><\/tr><\/tbody><\/table><\/figure>\n","protected":false},"excerpt":{"rendered":"<p>Seznam sout\u011b\u017e\u00ed Mlad\u00fdch hasi\u010d\u016f v roce 2024 Datum M\u00edsto Mlad\u0161\u00ed Star\u0161\u00ed &#8222;A&#8220; Star\u0161\u00ed &#8222;B&#8220; 30. 3. 2024 B\u0159ezina 3. 2. 3. 13. 4. 2024 \u0160o\u0161\u016fvka 2. 4. 10. 4. 5. 2024 Vav\u0159inec &nbsp; 9. 11. 11. 5. 2024 Bo\u0159itov &nbsp; &nbsp;4. &nbsp;9. 18. 5. 2024 Velk\u00e9 Opatovice &#8211; Plamen &nbsp; &nbsp;10. &nbsp; 1. 6. 2024 [&hellip;]<\/p>\n","protected":false},"author":3,"featured_media":0,"parent":0,"menu_order":0,"comment_status":"closed","ping_status":"closed","template":"","meta":{"_uag_custom_page_level_css":"","site-sidebar-layout":"default","site-content-layout":"","ast-site-content-layout":"default","site-content-style":"default","site-sidebar-style":"default","ast-global-header-display":"","ast-banner-title-visibility":"","ast-main-header-display":"","ast-hfb-above-header-display":"","ast-hfb-below-header-display":"","ast-hfb-mobile-header-display":"","site-post-title":"","ast-breadcrumbs-content":"","ast-featured-img":"","footer-sml-layout":"","theme-transparent-header-meta":"","adv-header-id-meta":"","stick-header-meta":"","header-above-stick-meta":"","header-main-stick-meta":"","header-below-stick-meta":"","astra-migrate-meta-layouts":"set","ast-page-background-enabled":"default","ast-page-background-meta":{"desktop":{"background-color":"var(--ast-global-color-4)","background-image":"","background-repeat":"repeat","background-position":"center center","background-size":"auto","background-attachment":"scroll","background-type":"","background-media":"","overlay-type":"","overlay-color":"","overlay-gradient":""},"tablet":{"background-color":"","background-image":"","background-repeat":"repeat","background-position":"center center","background-size":"auto","background-attachment":"scroll","background-type":"","background-media":"","overlay-type":"","overlay-color":"","overlay-gradient":""},"mobile":{"background-color":"","background-image":"","background-repeat":"repeat","background-position":"center center","background-size":"auto","background-attachment":"scroll","background-type":"","background-media":"","overlay-type":"","overlay-color":"","overlay-gradient":""}},"ast-content-background-meta":{"desktop":{"background-color":"var(--ast-global-color-5)","background-image":"","background-repeat":"repeat","background-position":"center center","background-size":"auto","background-attachment":"scroll","background-type":"","background-media":"","overlay-type":"","overlay-color":"","overlay-gradient":""},"tablet":{"background-color":"var(--ast-global-color-5)","background-image":"","background-repeat":"repeat","background-position":"center center","background-size":"auto","background-attachment":"scroll","background-type":"","background-media":"","overlay-type":"","overlay-color":"","overlay-gradient":""},"mobile":{"background-color":"var(--ast-global-color-5)","background-image":"","background-repeat":"repeat","background-position":"center center","background-size":"auto","background-attachment":"scroll","background-type":"","background-media":"","overlay-type":"","overlay-color":"","overlay-gradient":""}},"footnotes":""},"class_list":["post-25595","page","type-page","status-publish","hentry"],"uagb_featured_image_src":{"full":false,"thumbnail":false,"medium":false,"medium_large":false,"large":false,"1536x1536":false,"2048x2048":false},"uagb_author_info":{"display_name":"lukin","author_link":"http:\/\/www.sdh-brezina.cz\/?author=3"},"uagb_comment_info":0,"uagb_excerpt":"Seznam sout\u011b\u017e\u00ed Mlad\u00fdch hasi\u010d\u016f v roce 2024 Datum M\u00edsto Mlad\u0161\u00ed Star\u0161\u00ed &#8222;A&#8220; Star\u0161\u00ed &#8222;B&#8220; 30. 3. 2024 B\u0159ezina 3. 2. 3. 13. 4. 2024 \u0160o\u0161\u016fvka 2. 4. 10. 4. 5. 2024 Vav\u0159inec &nbsp; 9. 11. 11. 5. 2024 Bo\u0159itov &nbsp; &nbsp;4. &nbsp;9. 18. 5. 2024 Velk\u00e9 Opatovice &#8211; Plamen &nbsp; &nbsp;10. &nbsp; 1. 6. 2024&hellip;","_links":{"self":[{"href":"http:\/\/www.sdh-brezina.cz\/index.php?rest_route=\/wp\/v2\/pages\/25595","targetHints":{"allow":["GET"]}}],"collection":[{"href":"http:\/\/www.sdh-brezina.cz\/index.php?rest_route=\/wp\/v2\/pages"}],"about":[{"href":"http:\/\/www.sdh-brezina.cz\/index.php?rest_route=\/wp\/v2\/types\/page"}],"author":[{"embeddable":true,"href":"http:\/\/www.sdh-brezina.cz\/index.php?rest_route=\/wp\/v2\/users\/3"}],"replies":[{"embeddable":true,"href":"http:\/\/www.sdh-brezina.cz\/index.php?rest_route=%2Fwp%2Fv2%2Fcomments&post=25595"}],"version-history":[{"count":1,"href":"http:\/\/www.sdh-brezina.cz\/index.php?rest_route=\/wp\/v2\/pages\/25595\/revisions"}],"predecessor-version":[{"id":25597,"href":"http:\/\/www.sdh-brezina.cz\/index.php?rest_route=\/wp\/v2\/pages\/25595\/revisions\/25597"}],"wp:attachment":[{"href":"http:\/\/www.sdh-brezina.cz\/index.php?rest_route=%2Fwp%2Fv2%2Fmedia&parent=25595"}],"curies":[{"name":"wp","href":"https:\/\/api.w.org\/{rel}","templated":true}]}}