{"id":304,"date":"2019-08-21T10:51:46","date_gmt":"2019-08-21T10:51:46","guid":{"rendered":"http:\/\/www.sdh-brezina.cz\/success-stories\/"},"modified":"2025-12-05T14:57:10","modified_gmt":"2025-12-05T14:57:10","slug":"pozarni-sport","status":"publish","type":"page","link":"http:\/\/www.sdh-brezina.cz\/?page_id=304","title":{"rendered":"Po\u017e\u00e1rn\u00ed sport"},"content":{"rendered":"\t\t<div data-elementor-type=\"wp-post\" data-elementor-id=\"304\" class=\"elementor elementor-304\">\n\t\t\t\t\t\t<section class=\"elementor-section elementor-top-section elementor-element elementor-element-9df7361 elementor-section-content-middle elementor-section-boxed elementor-section-height-default elementor-section-height-default\" data-id=\"9df7361\" data-element_type=\"section\" data-settings=\"{&quot;background_background&quot;:&quot;classic&quot;,&quot;shape_divider_bottom&quot;:&quot;triangle&quot;,&quot;shape_divider_bottom_negative&quot;:&quot;yes&quot;}\">\n\t\t\t\t\t\t\t<div class=\"elementor-background-overlay\"><\/div>\n\t\t\t\t\t\t<div class=\"elementor-shape elementor-shape-bottom\" data-negative=\"true\">\n\t\t\t<svg xmlns=\"http:\/\/www.w3.org\/2000\/svg\" viewBox=\"0 0 1000 100\" preserveAspectRatio=\"none\">\n\t<path class=\"elementor-shape-fill\" d=\"M500.2,94.7L0,0v100h1000V0L500.2,94.7z\"\/>\n<\/svg>\t\t<\/div>\n\t\t\t\t\t<div class=\"elementor-container elementor-column-gap-default\">\n\t\t\t\t\t<div class=\"elementor-column elementor-col-100 elementor-top-column elementor-element elementor-element-1e06388\" data-id=\"1e06388\" data-element_type=\"column\">\n\t\t\t<div class=\"elementor-widget-wrap elementor-element-populated\">\n\t\t\t\t\t\t<div class=\"elementor-element elementor-element-b227586 elementor-widget elementor-widget-heading\" data-id=\"b227586\" data-element_type=\"widget\" data-settings=\"{&quot;_animation&quot;:&quot;none&quot;}\" data-widget_type=\"heading.default\">\n\t\t\t\t<div class=\"elementor-widget-container\">\n\t\t\t<h2 class=\"elementor-heading-title elementor-size-default\">Po\u017e\u00e1rn\u00ed sport<\/h2>\t\t<\/div>\n\t\t\t\t<\/div>\n\t\t\t\t\t<\/div>\n\t\t<\/div>\n\t\t\t\t\t<\/div>\n\t\t<\/section>\n\t\t\t\t<section class=\"elementor-section elementor-top-section elementor-element elementor-element-35477b5 elementor-section-boxed elementor-section-height-default elementor-section-height-default\" data-id=\"35477b5\" data-element_type=\"section\">\n\t\t\t\t\t\t<div class=\"elementor-container elementor-column-gap-default\">\n\t\t\t\t\t<div class=\"elementor-column elementor-col-50 elementor-top-column elementor-element elementor-element-74eb1cd\" data-id=\"74eb1cd\" data-element_type=\"column\">\n\t\t\t<div class=\"elementor-widget-wrap elementor-element-populated\">\n\t\t\t\t\t\t<div class=\"elementor-element elementor-element-b7cedf8 elementor-widget elementor-widget-image\" data-id=\"b7cedf8\" data-element_type=\"widget\" data-widget_type=\"image.default\">\n\t\t\t\t<div class=\"elementor-widget-container\">\n\t\t\t\t\t\t\t\t\t\t\t\t\t<img fetchpriority=\"high\" decoding=\"async\" width=\"768\" height=\"576\" src=\"http:\/\/www.sdh-brezina.cz\/wp-content\/uploads\/2025\/12\/IMG_1062-min-768x576.jpg\" class=\"attachment-medium_large size-medium_large wp-image-25708\" alt=\"\" srcset=\"http:\/\/www.sdh-brezina.cz\/wp-content\/uploads\/2025\/12\/IMG_1062-min-768x576.jpg 768w, http:\/\/www.sdh-brezina.cz\/wp-content\/uploads\/2025\/12\/IMG_1062-min-300x225.jpg 300w, http:\/\/www.sdh-brezina.cz\/wp-content\/uploads\/2025\/12\/IMG_1062-min-1024x768.jpg 1024w, http:\/\/www.sdh-brezina.cz\/wp-content\/uploads\/2025\/12\/IMG_1062-min-1536x1152.jpg 1536w, http:\/\/www.sdh-brezina.cz\/wp-content\/uploads\/2025\/12\/IMG_1062-min-2048x1536.jpg 2048w\" sizes=\"(max-width: 768px) 100vw, 768px\" \/>\t\t\t\t\t\t\t\t\t\t\t\t\t<\/div>\n\t\t\t\t<\/div>\n\t\t\t\t\t<\/div>\n\t\t<\/div>\n\t\t\t\t<div class=\"elementor-column elementor-col-50 elementor-top-column elementor-element elementor-element-4312e60\" data-id=\"4312e60\" data-element_type=\"column\">\n\t\t\t<div class=\"elementor-widget-wrap elementor-element-populated\">\n\t\t\t\t\t\t<div class=\"elementor-element elementor-element-7c2fa94 elementor-widget elementor-widget-text-editor\" data-id=\"7c2fa94\" data-element_type=\"widget\" data-widget_type=\"text-editor.default\">\n\t\t\t\t<div class=\"elementor-widget-container\">\n\t\t\t\t\t\t\t<p><b>Sout\u011b\u017en\u00ed dru\u017estvo mu\u017e\u016f 2025<\/b><\/p>\n<table>\n<tbody>\n<tr>\n<td><strong>Pozice<\/strong><\/td>\n<td><strong>Jm\u00e9no<\/strong><\/td>\n<\/tr>\n<tr>\n<td>Stroj<\/td>\n<td>Martin \u0160legl<\/td><\/tr><tr><td>Ko\u0161<\/td>\n<td>Luk\u00e1\u0161 Neu\u017eil<\/td><\/tr><tr><td>Savice<\/td>\n<td>Ji\u0159\u00ed Hyn\u0161t, Vlastimil Bedna\u0159\u00edk<\/td><\/tr><tr><td>Hadice B<\/td>\n<td>Karel Pokorn\u00fd<\/td><\/tr><tr><td>Rozd\u011blova\u010d<\/td>\n<td>\u0160t\u011bp\u00e1n Neu\u017eil<\/td><\/tr><tr><td>Lev\u00fd proud<\/td>\n<td>Pavel N\u011bme\u010dek<\/td><\/tr><tr><td>Prav\u00fd proud<\/td>\n<td>Vladim\u00edr Pot\u016f\u010dek<\/td>\n<\/tr>\n<\/tbody>\n<\/table>\t\t\t\t\t\t<\/div>\n\t\t\t\t<\/div>\n\t\t\t\t\t<\/div>\n\t\t<\/div>\n\t\t\t\t\t<\/div>\n\t\t<\/section>\n\t\t\t\t<section class=\"elementor-section elementor-top-section elementor-element elementor-element-7aa87f2 elementor-section-boxed elementor-section-height-default elementor-section-height-default\" data-id=\"7aa87f2\" data-element_type=\"section\">\n\t\t\t\t\t\t<div class=\"elementor-container elementor-column-gap-default\">\n\t\t\t\t\t<div class=\"elementor-column elementor-col-50 elementor-top-column elementor-element elementor-element-2ce1e19\" data-id=\"2ce1e19\" data-element_type=\"column\">\n\t\t\t<div class=\"elementor-widget-wrap elementor-element-populated\">\n\t\t\t\t\t\t<div class=\"elementor-element elementor-element-875a155 elementor-widget elementor-widget-text-editor\" data-id=\"875a155\" data-element_type=\"widget\" data-widget_type=\"text-editor.default\">\n\t\t\t\t<div class=\"elementor-widget-container\">\n\t\t\t\t\t\t\t<p><b>Seznam objet\u00fdch sout\u011b\u017e\u00ed 2025<br \/><\/b><\/p><p>17. 8. 2025 VCB Rudice<\/p><p>7. 9. 2025 VCOV Mokr\u00e1-Hor\u00e1kov<\/p><p>14. 9. 2025 VCB Kotvrdovice<\/p><p>20. 9. 2025 VCB Bo\u0159itov<\/p>\t\t\t\t\t\t<\/div>\n\t\t\t\t<\/div>\n\t\t\t\t\t<\/div>\n\t\t<\/div>\n\t\t\t\t<div class=\"elementor-column elementor-col-50 elementor-top-column elementor-element elementor-element-827fe31\" data-id=\"827fe31\" data-element_type=\"column\">\n\t\t\t<div class=\"elementor-widget-wrap elementor-element-populated\">\n\t\t\t\t\t\t<div class=\"elementor-element elementor-element-e601858 elementor-widget elementor-widget-image\" data-id=\"e601858\" data-element_type=\"widget\" data-widget_type=\"image.default\">\n\t\t\t\t<div class=\"elementor-widget-container\">\n\t\t\t\t\t\t\t\t\t\t\t\t\t<img decoding=\"async\" width=\"768\" height=\"1024\" src=\"http:\/\/www.sdh-brezina.cz\/wp-content\/uploads\/2025\/12\/f77f49b11849bcbde3a0338a05b3577b-768x1024.jpeg\" class=\"attachment-medium_large size-medium_large wp-image-25707\" alt=\"\" srcset=\"http:\/\/www.sdh-brezina.cz\/wp-content\/uploads\/2025\/12\/f77f49b11849bcbde3a0338a05b3577b-768x1024.jpeg 768w, http:\/\/www.sdh-brezina.cz\/wp-content\/uploads\/2025\/12\/f77f49b11849bcbde3a0338a05b3577b-225x300.jpeg 225w, http:\/\/www.sdh-brezina.cz\/wp-content\/uploads\/2025\/12\/f77f49b11849bcbde3a0338a05b3577b-1152x1536.jpeg 1152w, http:\/\/www.sdh-brezina.cz\/wp-content\/uploads\/2025\/12\/f77f49b11849bcbde3a0338a05b3577b.jpeg 1536w\" sizes=\"(max-width: 768px) 100vw, 768px\" \/>\t\t\t\t\t\t\t\t\t\t\t\t\t<\/div>\n\t\t\t\t<\/div>\n\t\t\t\t\t<\/div>\n\t\t<\/div>\n\t\t\t\t\t<\/div>\n\t\t<\/section>\n\t\t\t\t<\/div>\n\t\t","protected":false},"excerpt":{"rendered":"<p>Po\u017e\u00e1rn\u00ed sport Sout\u011b\u017en\u00ed dru\u017estvo mu\u017e\u016f 2025 Pozice Jm\u00e9no Stroj Martin \u0160legl Ko\u0161 Luk\u00e1\u0161 Neu\u017eil Savice Ji\u0159\u00ed Hyn\u0161t, Vlastimil Bedna\u0159\u00edk Hadice B Karel Pokorn\u00fd Rozd\u011blova\u010d \u0160t\u011bp\u00e1n Neu\u017eil Lev\u00fd proud Pavel N\u011bme\u010dek Prav\u00fd proud Vladim\u00edr Pot\u016f\u010dek Seznam objet\u00fdch sout\u011b\u017e\u00ed 2025 17. 8. 2025 VCB Rudice 7. 9. 2025 VCOV Mokr\u00e1-Hor\u00e1kov 14. 9. 2025 VCB Kotvrdovice 20. 9. [&hellip;]<\/p>\n","protected":false},"author":1,"featured_media":0,"parent":0,"menu_order":0,"comment_status":"closed","ping_status":"closed","template":"","meta":{"_uag_custom_page_level_css":"","site-sidebar-layout":"no-sidebar","site-content-layout":"page-builder","ast-site-content-layout":"","site-content-style":"default","site-sidebar-style":"default","ast-global-header-display":"","ast-banner-title-visibility":"","ast-main-header-display":"","ast-hfb-above-header-display":"","ast-hfb-below-header-display":"","ast-hfb-mobile-header-display":"","site-post-title":"disabled","ast-breadcrumbs-content":"","ast-featured-img":"disabled","footer-sml-layout":"","theme-transparent-header-meta":"default","adv-header-id-meta":"","stick-header-meta":"","header-above-stick-meta":"","header-main-stick-meta":"","header-below-stick-meta":"","astra-migrate-meta-layouts":"default","ast-page-background-enabled":"default","ast-page-background-meta":{"desktop":{"background-color":"var(--ast-global-color-4)","background-image":"","background-repeat":"repeat","background-position":"center center","background-size":"auto","background-attachment":"scroll","background-type":"","background-media":"","overlay-type":"","overlay-color":"","overlay-gradient":""},"tablet":{"background-color":"","background-image":"","background-repeat":"repeat","background-position":"center center","background-size":"auto","background-attachment":"scroll","background-type":"","background-media":"","overlay-type":"","overlay-color":"","overlay-gradient":""},"mobile":{"background-color":"","background-image":"","background-repeat":"repeat","background-position":"center center","background-size":"auto","background-attachment":"scroll","background-type":"","background-media":"","overlay-type":"","overlay-color":"","overlay-gradient":""}},"ast-content-background-meta":{"desktop":{"background-color":"var(--ast-global-color-5)","background-image":"","background-repeat":"repeat","background-position":"center center","background-size":"auto","background-attachment":"scroll","background-type":"","background-media":"","overlay-type":"","overlay-color":"","overlay-gradient":""},"tablet":{"background-color":"var(--ast-global-color-5)","background-image":"","background-repeat":"repeat","background-position":"center center","background-size":"auto","background-attachment":"scroll","background-type":"","background-media":"","overlay-type":"","overlay-color":"","overlay-gradient":""},"mobile":{"background-color":"var(--ast-global-color-5)","background-image":"","background-repeat":"repeat","background-position":"center center","background-size":"auto","background-attachment":"scroll","background-type":"","background-media":"","overlay-type":"","overlay-color":"","overlay-gradient":""}},"footnotes":""},"class_list":["post-304","page","type-page","status-publish","hentry"],"uagb_featured_image_src":{"full":false,"thumbnail":false,"medium":false,"medium_large":false,"large":false,"1536x1536":false,"2048x2048":false},"uagb_author_info":{"display_name":"admin","author_link":"http:\/\/www.sdh-brezina.cz\/?author=1"},"uagb_comment_info":0,"uagb_excerpt":"Po\u017e\u00e1rn\u00ed sport Sout\u011b\u017en\u00ed dru\u017estvo mu\u017e\u016f 2025 Pozice Jm\u00e9no Stroj Martin \u0160legl Ko\u0161 Luk\u00e1\u0161 Neu\u017eil Savice Ji\u0159\u00ed Hyn\u0161t, Vlastimil Bedna\u0159\u00edk Hadice B Karel Pokorn\u00fd Rozd\u011blova\u010d \u0160t\u011bp\u00e1n Neu\u017eil Lev\u00fd proud Pavel N\u011bme\u010dek Prav\u00fd proud Vladim\u00edr Pot\u016f\u010dek Seznam objet\u00fdch sout\u011b\u017e\u00ed 2025 17. 8. 2025 VCB Rudice 7. 9. 2025 VCOV Mokr\u00e1-Hor\u00e1kov 14. 9. 2025 VCB Kotvrdovice 20. 9.&hellip;","_links":{"self":[{"href":"http:\/\/www.sdh-brezina.cz\/index.php?rest_route=\/wp\/v2\/pages\/304","targetHints":{"allow":["GET"]}}],"collection":[{"href":"http:\/\/www.sdh-brezina.cz\/index.php?rest_route=\/wp\/v2\/pages"}],"about":[{"href":"http:\/\/www.sdh-brezina.cz\/index.php?rest_route=\/wp\/v2\/types\/page"}],"author":[{"embeddable":true,"href":"http:\/\/www.sdh-brezina.cz\/index.php?rest_route=\/wp\/v2\/users\/1"}],"replies":[{"embeddable":true,"href":"http:\/\/www.sdh-brezina.cz\/index.php?rest_route=%2Fwp%2Fv2%2Fcomments&post=304"}],"version-history":[{"count":14,"href":"http:\/\/www.sdh-brezina.cz\/index.php?rest_route=\/wp\/v2\/pages\/304\/revisions"}],"predecessor-version":[{"id":25714,"href":"http:\/\/www.sdh-brezina.cz\/index.php?rest_route=\/wp\/v2\/pages\/304\/revisions\/25714"}],"wp:attachment":[{"href":"http:\/\/www.sdh-brezina.cz\/index.php?rest_route=%2Fwp%2Fv2%2Fmedia&parent=304"}],"curies":[{"name":"wp","href":"https:\/\/api.w.org\/{rel}","templated":true}]}}