{"id":307,"date":"2019-08-21T10:52:10","date_gmt":"2019-08-21T10:52:10","guid":{"rendered":"http:\/\/www.sdh-brezina.cz\/blog\/"},"modified":"2021-03-20T20:48:29","modified_gmt":"2021-03-20T20:48:29","slug":"aktuality","status":"publish","type":"page","link":"http:\/\/www.sdh-brezina.cz\/?page_id=307","title":{"rendered":"Aktuality"},"content":{"rendered":"\n<section class=\"wp-block-uagb-columns uagb-columns__wrap uagb-columns__background-image uagb-columns__stack-mobile uagb-columns__valign-undefined uagb-columns__gap-10 alignundefined uagb-block-9afaea69\"><div class=\"uagb-columns__overlay\"><\/div><div class=\"uagb-columns__inner-wrap uagb-columns__columns-3\">\n<div class=\"wp-block-uagb-column uagb-column__wrap uagb-column__background-undefined uagb-block-680af20f\"><div class=\"uagb-column__overlay\"><\/div><div class=\"uagb-column__inner-wrap\">\n<p><\/p>\n<\/div><\/div>\n\n\n\n<div class=\"wp-block-uagb-column uagb-column__wrap uagb-column__background-undefined uagb-block-2566216d\"><div class=\"uagb-column__overlay\"><\/div><div class=\"uagb-column__inner-wrap\">\n<div class=\"wp-block-uagb-advanced-heading uagb-block-f85bdf04\" id=\"uagb-adv-heading-cc26f80c-3b30-4628-aa85-6f33f2e19b7e\"><h1 class=\"uagb-heading-text\">Aktuality<\/h1><p class=\"uagb-desc-text\"><\/p><\/div>\n<\/div><\/div>\n\n\n\n<div class=\"wp-block-uagb-column uagb-column__wrap uagb-column__background-undefined uagb-block-95bc5c98\"><div class=\"uagb-column__overlay\"><\/div><div class=\"uagb-column__inner-wrap\"><\/div><\/div>\n<\/div><\/section>\n\n\n\n<section class=\"wp-block-uagb-section uagb-section__wrap uagb-section__background-color uagb-block-6705804c\"><div class=\"uagb-section__overlay\"><\/div><div class=\"uagb-section__inner-wrap\">\n\t\t\t<div class=\"wp-block-uagb-post-grid uagb-post-grid  uagb-post__image-position-top uagb-post__image-enabled uagb-block-56ef09d1     uagb-post__items uagb-post__columns-3 is-grid uagb-post__columns-tablet-2 uagb-post__columns-mobile-1 uagb-post__equal-height\" data-total=\"18\" style=\"\">\n\n\t\t\t\t\t\t\t\t\t\t\t\t<article class=\"uagb-post__inner-wrap\">\t\t\t\t\t\t\t\t<div class='uagb-post__image'>\n\t\t\t\t\t\t\t\t\t<a href=\"http:\/\/www.sdh-brezina.cz\/?p=25756\" target=\"_self\" rel=\"bookmark noopener noreferrer\" class='uagb-image-ratio-inherit'><img fetchpriority=\"high\" decoding=\"async\" width=\"724\" height=\"1024\" src=\"http:\/\/www.sdh-brezina.cz\/wp-content\/uploads\/2026\/02\/hasicsky-tabor-2026-1-724x1024.jpg\" class=\"attachment-large size-large\" alt=\"\" srcset=\"http:\/\/www.sdh-brezina.cz\/wp-content\/uploads\/2026\/02\/hasicsky-tabor-2026-1-724x1024.jpg 724w, http:\/\/www.sdh-brezina.cz\/wp-content\/uploads\/2026\/02\/hasicsky-tabor-2026-1-212x300.jpg 212w, http:\/\/www.sdh-brezina.cz\/wp-content\/uploads\/2026\/02\/hasicsky-tabor-2026-1-768x1086.jpg 768w, http:\/\/www.sdh-brezina.cz\/wp-content\/uploads\/2026\/02\/hasicsky-tabor-2026-1-1086x1536.jpg 1086w, http:\/\/www.sdh-brezina.cz\/wp-content\/uploads\/2026\/02\/hasicsky-tabor-2026-1-1448x2048.jpg 1448w, http:\/\/www.sdh-brezina.cz\/wp-content\/uploads\/2026\/02\/hasicsky-tabor-2026-1.jpg 1587w\" sizes=\"(max-width: 724px) 100vw, 724px\" \/>\t\t\t\t\t<\/a>\n\t\t\t\t\t\t\t<\/div>\n\t\t\t\t\t\t<h4 class=\"uagb-post__title uagb-post__text\">\n\t\t\t\t<a href=\"http:\/\/www.sdh-brezina.cz\/?p=25756\" target=\"_self\" rel=\"bookmark noopener noreferrer\">P\u0159\u00edm\u011bstsk\u00fd t\u00e1bor HASI\u010cSK\u00c1 AKADEMIE \ud83d\udc68\u200d\ud83d\ude92\ud83d\ude92<\/a>\n\t\t\t<\/h4>\n\t\t\t\t\t\t<div class='uagb-post__text uagb-post-grid-byline'>\n\t\t\t\t\t\t\t\t<time datetime=\"2026-03-01T19:30:43+00:00\" class=\"uagb-post__date\">\n\t\t\t\t<span class=\"dashicons-calendar dashicons\"><\/span>\t\t\t\t\t1 b\u0159ezna, 2026\t\t\t\t<\/time>\n\t\t\t\t\t\t\t<span class=\"uagb-post__comment\">\n\t\t\t\t<span class=\"dashicons-admin-comments dashicons\"><\/span>\t\t\t\t\t\u017d\u00e1dn\u00e9 koment\u00e1\u0159e\t\t\t\t<\/span>\n\t\t\t\t\t\t<\/div>\n\t\t\t\t\t\t\t<div class='uagb-post__text uagb-post__excerpt'>\n\t\t\t\t\t<p>SDH B\u0159ezina zve v\u0161echny d\u011bti ve v\u011bku 3 &#8211; 13 let&#8230;\t\t\t\t<\/div>\n\t\t\t\t\t\t\t\t\t\t\t\t<\/article>\n\t\t\t\t\t\t\t\t\t\t\t\t\t\t\t\t<article class=\"uagb-post__inner-wrap\">\t\t\t\t\t\t\t\t<div class='uagb-post__image'>\n\t\t\t\t\t\t\t\t\t<a href=\"http:\/\/www.sdh-brezina.cz\/?p=25752\" target=\"_self\" rel=\"bookmark noopener noreferrer\" class='uagb-image-ratio-inherit'><img decoding=\"async\" width=\"724\" height=\"1024\" src=\"http:\/\/www.sdh-brezina.cz\/wp-content\/uploads\/2026\/02\/uklidme-brezinu-724x1024.jpg\" class=\"attachment-large size-large\" alt=\"\" srcset=\"http:\/\/www.sdh-brezina.cz\/wp-content\/uploads\/2026\/02\/uklidme-brezinu-724x1024.jpg 724w, http:\/\/www.sdh-brezina.cz\/wp-content\/uploads\/2026\/02\/uklidme-brezinu-212x300.jpg 212w, http:\/\/www.sdh-brezina.cz\/wp-content\/uploads\/2026\/02\/uklidme-brezinu-768x1086.jpg 768w, http:\/\/www.sdh-brezina.cz\/wp-content\/uploads\/2026\/02\/uklidme-brezinu-1086x1536.jpg 1086w, http:\/\/www.sdh-brezina.cz\/wp-content\/uploads\/2026\/02\/uklidme-brezinu.jpg 1414w\" sizes=\"(max-width: 724px) 100vw, 724px\" \/>\t\t\t\t\t<\/a>\n\t\t\t\t\t\t\t<\/div>\n\t\t\t\t\t\t<h4 class=\"uagb-post__title uagb-post__text\">\n\t\t\t\t<a href=\"http:\/\/www.sdh-brezina.cz\/?p=25752\" target=\"_self\" rel=\"bookmark noopener noreferrer\">Ukli\u010fme B\u0159ezinu \u267b\ufe0f<\/a>\n\t\t\t<\/h4>\n\t\t\t\t\t\t<div class='uagb-post__text uagb-post-grid-byline'>\n\t\t\t\t\t\t\t\t<time datetime=\"2026-02-19T16:00:00+00:00\" class=\"uagb-post__date\">\n\t\t\t\t<span class=\"dashicons-calendar dashicons\"><\/span>\t\t\t\t\t19 \u00fanora, 2026\t\t\t\t<\/time>\n\t\t\t\t\t\t\t<span class=\"uagb-post__comment\">\n\t\t\t\t<span class=\"dashicons-admin-comments dashicons\"><\/span>\t\t\t\t\t\u017d\u00e1dn\u00e9 koment\u00e1\u0159e\t\t\t\t<\/span>\n\t\t\t\t\t\t<\/div>\n\t\t\t\t\t\t\t<div class='uagb-post__text uagb-post__excerpt'>\n\t\t\t\t\t<p>\u267b\ufe0f Po roce je tu op\u011bt \u010das vyrazit uklidit p\u0159\u00edrodu v&#8230;\t\t\t\t<\/div>\n\t\t\t\t\t\t\t\t\t\t\t\t<\/article>\n\t\t\t\t\t\t\t\t\t\t\t\t\t\t\t\t<article class=\"uagb-post__inner-wrap\">\t\t\t\t\t\t\t\t<div class='uagb-post__image'>\n\t\t\t\t\t\t\t\t\t<a href=\"http:\/\/www.sdh-brezina.cz\/?p=25735\" target=\"_self\" rel=\"bookmark noopener noreferrer\" class='uagb-image-ratio-inherit'><img decoding=\"async\" width=\"509\" height=\"720\" src=\"http:\/\/www.sdh-brezina.cz\/wp-content\/uploads\/2026\/02\/611765189_1183212120677550_5906258925816239778_n.jpg\" class=\"attachment-large size-large\" alt=\"\" srcset=\"http:\/\/www.sdh-brezina.cz\/wp-content\/uploads\/2026\/02\/611765189_1183212120677550_5906258925816239778_n.jpg 509w, http:\/\/www.sdh-brezina.cz\/wp-content\/uploads\/2026\/02\/611765189_1183212120677550_5906258925816239778_n-212x300.jpg 212w\" sizes=\"(max-width: 509px) 100vw, 509px\" \/>\t\t\t\t\t<\/a>\n\t\t\t\t\t\t\t<\/div>\n\t\t\t\t\t\t<h4 class=\"uagb-post__title uagb-post__text\">\n\t\t\t\t<a href=\"http:\/\/www.sdh-brezina.cz\/?p=25735\" target=\"_self\" rel=\"bookmark noopener noreferrer\">Ostatky \ud83c\udfad<\/a>\n\t\t\t<\/h4>\n\t\t\t\t\t\t<div class='uagb-post__text uagb-post-grid-byline'>\n\t\t\t\t\t\t\t\t<time datetime=\"2026-01-08T19:38:01+00:00\" class=\"uagb-post__date\">\n\t\t\t\t<span class=\"dashicons-calendar dashicons\"><\/span>\t\t\t\t\t8 ledna, 2026\t\t\t\t<\/time>\n\t\t\t\t\t\t\t<span class=\"uagb-post__comment\">\n\t\t\t\t<span class=\"dashicons-admin-comments dashicons\"><\/span>\t\t\t\t\t\u017d\u00e1dn\u00e9 koment\u00e1\u0159e\t\t\t\t<\/span>\n\t\t\t\t\t\t<\/div>\n\t\t\t\t\t\t\t<div class='uagb-post__text uagb-post__excerpt'>\n\t\t\t\t\t<p>\ud83c\udfad SDH B\u0159ezina zve na Ostatky, kter\u00e9 prob\u011bhnou v sobotu 14&#8230;.\t\t\t\t<\/div>\n\t\t\t\t\t\t\t\t\t\t\t\t<\/article>\n\t\t\t\t\t\t\t\t\t\t\t\t\t\t\t\t<article class=\"uagb-post__inner-wrap\">\t\t\t\t\t\t\t\t<div class='uagb-post__image'>\n\t\t\t\t\t\t\t\t\t<a href=\"http:\/\/www.sdh-brezina.cz\/?p=25726\" target=\"_self\" rel=\"bookmark noopener noreferrer\" class='uagb-image-ratio-inherit'><img loading=\"lazy\" decoding=\"async\" width=\"805\" height=\"1024\" src=\"http:\/\/www.sdh-brezina.cz\/wp-content\/uploads\/2025\/12\/ples-2026-ig-805x1024.jpeg\" class=\"attachment-large size-large\" alt=\"\" srcset=\"http:\/\/www.sdh-brezina.cz\/wp-content\/uploads\/2025\/12\/ples-2026-ig-805x1024.jpeg 805w, http:\/\/www.sdh-brezina.cz\/wp-content\/uploads\/2025\/12\/ples-2026-ig-236x300.jpeg 236w, http:\/\/www.sdh-brezina.cz\/wp-content\/uploads\/2025\/12\/ples-2026-ig-768x977.jpeg 768w, http:\/\/www.sdh-brezina.cz\/wp-content\/uploads\/2025\/12\/ples-2026-ig.jpeg 1008w\" sizes=\"(max-width: 805px) 100vw, 805px\" \/>\t\t\t\t\t<\/a>\n\t\t\t\t\t\t\t<\/div>\n\t\t\t\t\t\t<h4 class=\"uagb-post__title uagb-post__text\">\n\t\t\t\t<a href=\"http:\/\/www.sdh-brezina.cz\/?p=25726\" target=\"_self\" rel=\"bookmark noopener noreferrer\">P\u0159edprodej vstupenek<\/a>\n\t\t\t<\/h4>\n\t\t\t\t\t\t<div class='uagb-post__text uagb-post-grid-byline'>\n\t\t\t\t\t\t\t\t<time datetime=\"2025-12-18T16:50:50+00:00\" class=\"uagb-post__date\">\n\t\t\t\t<span class=\"dashicons-calendar dashicons\"><\/span>\t\t\t\t\t18 prosince, 2025\t\t\t\t<\/time>\n\t\t\t\t\t\t\t<span class=\"uagb-post__comment\">\n\t\t\t\t<span class=\"dashicons-admin-comments dashicons\"><\/span>\t\t\t\t\t\u017d\u00e1dn\u00e9 koment\u00e1\u0159e\t\t\t\t<\/span>\n\t\t\t\t\t\t<\/div>\n\t\t\t\t\t\t\t<div class='uagb-post__text uagb-post__excerpt'>\n\t\t\t\t\t<p>Na\u010d\u00edt\u00e1n\u00ed\u2026<\/p>\n\t\t\t\t<\/div>\n\t\t\t\t\t\t\t\t\t\t\t\t<\/article>\n\t\t\t\t\t\t\t\t\t\t\t\t\t\t\t\t<article class=\"uagb-post__inner-wrap\">\t\t\t\t\t\t\t\t<div class='uagb-post__image'>\n\t\t\t\t\t\t\t\t\t<a href=\"http:\/\/www.sdh-brezina.cz\/?p=25718\" target=\"_self\" rel=\"bookmark noopener noreferrer\" class='uagb-image-ratio-inherit'><img loading=\"lazy\" decoding=\"async\" width=\"805\" height=\"1024\" src=\"http:\/\/www.sdh-brezina.cz\/wp-content\/uploads\/2025\/12\/ples-2026-ig-805x1024.jpeg\" class=\"attachment-large size-large\" alt=\"\" srcset=\"http:\/\/www.sdh-brezina.cz\/wp-content\/uploads\/2025\/12\/ples-2026-ig-805x1024.jpeg 805w, http:\/\/www.sdh-brezina.cz\/wp-content\/uploads\/2025\/12\/ples-2026-ig-236x300.jpeg 236w, http:\/\/www.sdh-brezina.cz\/wp-content\/uploads\/2025\/12\/ples-2026-ig-768x977.jpeg 768w, http:\/\/www.sdh-brezina.cz\/wp-content\/uploads\/2025\/12\/ples-2026-ig.jpeg 1008w\" sizes=\"(max-width: 805px) 100vw, 805px\" \/>\t\t\t\t\t<\/a>\n\t\t\t\t\t\t\t<\/div>\n\t\t\t\t\t\t<h4 class=\"uagb-post__title uagb-post__text\">\n\t\t\t\t<a href=\"http:\/\/www.sdh-brezina.cz\/?p=25718\" target=\"_self\" rel=\"bookmark noopener noreferrer\">Tradi\u010dn\u00ed hasi\u010dsk\u00e1 tancova\u010dka | 31. 1. 2026 Bukovinka | na t\u00e9ma Orient \ud83c\udf8e\ud83d\udc09<\/a>\n\t\t\t<\/h4>\n\t\t\t\t\t\t<div class='uagb-post__text uagb-post-grid-byline'>\n\t\t\t\t\t\t\t\t<time datetime=\"2025-12-05T15:52:13+00:00\" class=\"uagb-post__date\">\n\t\t\t\t<span class=\"dashicons-calendar dashicons\"><\/span>\t\t\t\t\t5 prosince, 2025\t\t\t\t<\/time>\n\t\t\t\t\t\t\t<span class=\"uagb-post__comment\">\n\t\t\t\t<span class=\"dashicons-admin-comments dashicons\"><\/span>\t\t\t\t\t\u017d\u00e1dn\u00e9 koment\u00e1\u0159e\t\t\t\t<\/span>\n\t\t\t\t\t\t<\/div>\n\t\t\t\t\t\t\t<div class='uagb-post__text uagb-post__excerpt'>\n\t\t\t\t\t<p>Op\u011bt po roce pro V\u00e1s chyst\u00e1me Tradi\u010dn\u00ed hasi\u010dskou tancova\u010dku, tentokr\u00e1t na&#8230;\t\t\t\t<\/div>\n\t\t\t\t\t\t\t\t\t\t\t\t<\/article>\n\t\t\t\t\t\t\t\t\t\t\t\t\t\t\t\t<article class=\"uagb-post__inner-wrap\">\t\t\t\t\t\t\t\t<div class='uagb-post__image'>\n\t\t\t\t\t\t\t\t\t<a href=\"http:\/\/www.sdh-brezina.cz\/?p=25693\" target=\"_self\" rel=\"bookmark noopener noreferrer\" class='uagb-image-ratio-inherit'><img loading=\"lazy\" decoding=\"async\" width=\"724\" height=\"1024\" src=\"http:\/\/www.sdh-brezina.cz\/wp-content\/uploads\/2025\/12\/588668992_1156029620062467_2219066597263344668_n-724x1024.jpg\" class=\"attachment-large size-large\" alt=\"\" srcset=\"http:\/\/www.sdh-brezina.cz\/wp-content\/uploads\/2025\/12\/588668992_1156029620062467_2219066597263344668_n-724x1024.jpg 724w, http:\/\/www.sdh-brezina.cz\/wp-content\/uploads\/2025\/12\/588668992_1156029620062467_2219066597263344668_n-212x300.jpg 212w, http:\/\/www.sdh-brezina.cz\/wp-content\/uploads\/2025\/12\/588668992_1156029620062467_2219066597263344668_n-768x1086.jpg 768w, http:\/\/www.sdh-brezina.cz\/wp-content\/uploads\/2025\/12\/588668992_1156029620062467_2219066597263344668_n-1086x1536.jpg 1086w, http:\/\/www.sdh-brezina.cz\/wp-content\/uploads\/2025\/12\/588668992_1156029620062467_2219066597263344668_n.jpg 1448w\" sizes=\"(max-width: 724px) 100vw, 724px\" \/>\t\t\t\t\t<\/a>\n\t\t\t\t\t\t\t<\/div>\n\t\t\t\t\t\t<h4 class=\"uagb-post__title uagb-post__text\">\n\t\t\t\t<a href=\"http:\/\/www.sdh-brezina.cz\/?p=25693\" target=\"_self\" rel=\"bookmark noopener noreferrer\">V\u00e1no\u010dn\u00ed party<\/a>\n\t\t\t<\/h4>\n\t\t\t\t\t\t<div class='uagb-post__text uagb-post-grid-byline'>\n\t\t\t\t\t\t\t\t<time datetime=\"2025-11-28T14:29:00+00:00\" class=\"uagb-post__date\">\n\t\t\t\t<span class=\"dashicons-calendar dashicons\"><\/span>\t\t\t\t\t28 listopadu, 2025\t\t\t\t<\/time>\n\t\t\t\t\t\t\t<span class=\"uagb-post__comment\">\n\t\t\t\t<span class=\"dashicons-admin-comments dashicons\"><\/span>\t\t\t\t\t\u017d\u00e1dn\u00e9 koment\u00e1\u0159e\t\t\t\t<\/span>\n\t\t\t\t\t\t<\/div>\n\t\t\t\t\t\t\t<div class='uagb-post__text uagb-post__excerpt'>\n\t\t\t\t\t<p>\ud83c\udf85\ud83e\udea9 SDH B\u0159ezina zve na V\u00e1no\u010dn\u00ed Party! \ud83e\udea9\ud83c\udf85 P\u0159ij\u010fte si s&#8230;\t\t\t\t<\/div>\n\t\t\t\t\t\t\t\t\t\t\t\t<\/article>\n\t\t\t\t\t\t\t\t\t\t\t\t\t\t\t\t<article class=\"uagb-post__inner-wrap\">\t\t\t\t\t\t\t\t<div class='uagb-post__image'>\n\t\t\t\t\t\t\t\t\t<a href=\"http:\/\/www.sdh-brezina.cz\/?p=25690\" target=\"_self\" rel=\"bookmark noopener noreferrer\" class='uagb-image-ratio-inherit'><img loading=\"lazy\" decoding=\"async\" width=\"724\" height=\"1024\" src=\"http:\/\/www.sdh-brezina.cz\/wp-content\/uploads\/2025\/12\/588755876_1151883993810363_3105463190585567307_n-724x1024.jpg\" class=\"attachment-large size-large\" alt=\"\" srcset=\"http:\/\/www.sdh-brezina.cz\/wp-content\/uploads\/2025\/12\/588755876_1151883993810363_3105463190585567307_n-724x1024.jpg 724w, http:\/\/www.sdh-brezina.cz\/wp-content\/uploads\/2025\/12\/588755876_1151883993810363_3105463190585567307_n-212x300.jpg 212w, http:\/\/www.sdh-brezina.cz\/wp-content\/uploads\/2025\/12\/588755876_1151883993810363_3105463190585567307_n-768x1086.jpg 768w, http:\/\/www.sdh-brezina.cz\/wp-content\/uploads\/2025\/12\/588755876_1151883993810363_3105463190585567307_n-1086x1536.jpg 1086w, http:\/\/www.sdh-brezina.cz\/wp-content\/uploads\/2025\/12\/588755876_1151883993810363_3105463190585567307_n.jpg 1448w\" sizes=\"(max-width: 724px) 100vw, 724px\" \/>\t\t\t\t\t<\/a>\n\t\t\t\t\t\t\t<\/div>\n\t\t\t\t\t\t<h4 class=\"uagb-post__title uagb-post__text\">\n\t\t\t\t<a href=\"http:\/\/www.sdh-brezina.cz\/?p=25690\" target=\"_self\" rel=\"bookmark noopener noreferrer\">Mikul\u00e1\u0161sk\u00fd turnaj v chlupat\u00e9<\/a>\n\t\t\t<\/h4>\n\t\t\t\t\t\t<div class='uagb-post__text uagb-post-grid-byline'>\n\t\t\t\t\t\t\t\t<time datetime=\"2025-11-23T14:28:00+00:00\" class=\"uagb-post__date\">\n\t\t\t\t<span class=\"dashicons-calendar dashicons\"><\/span>\t\t\t\t\t23 listopadu, 2025\t\t\t\t<\/time>\n\t\t\t\t\t\t\t<span class=\"uagb-post__comment\">\n\t\t\t\t<span class=\"dashicons-admin-comments dashicons\"><\/span>\t\t\t\t\t\u017d\u00e1dn\u00e9 koment\u00e1\u0159e\t\t\t\t<\/span>\n\t\t\t\t\t\t<\/div>\n\t\t\t\t\t\t\t<div class='uagb-post__text uagb-post__excerpt'>\n\t\t\t\t\t<p>Zveme v\u0161echny karban\u00edky na mikul\u00e1\u0161sk\u00fd turnaj v karetn\u00ed h\u0159e chlupat\u00e1 \ud83c\udccf\ud83c\udf85&#8230;.\t\t\t\t<\/div>\n\t\t\t\t\t\t\t\t\t\t\t\t<\/article>\n\t\t\t\t\t\t\t\t\t\t\t\t\t\t\t\t<article class=\"uagb-post__inner-wrap\">\t\t\t\t\t\t\t\t<div class='uagb-post__image'>\n\t\t\t\t\t\t\t\t\t<a href=\"http:\/\/www.sdh-brezina.cz\/?p=25687\" target=\"_self\" rel=\"bookmark noopener noreferrer\" class='uagb-image-ratio-inherit'><img loading=\"lazy\" decoding=\"async\" width=\"1024\" height=\"536\" src=\"http:\/\/www.sdh-brezina.cz\/wp-content\/uploads\/2025\/12\/580670651_1143014614697301_8388065033289456139_n-1024x536.jpg\" class=\"attachment-large size-large\" alt=\"\" srcset=\"http:\/\/www.sdh-brezina.cz\/wp-content\/uploads\/2025\/12\/580670651_1143014614697301_8388065033289456139_n-1024x536.jpg 1024w, http:\/\/www.sdh-brezina.cz\/wp-content\/uploads\/2025\/12\/580670651_1143014614697301_8388065033289456139_n-300x157.jpg 300w, http:\/\/www.sdh-brezina.cz\/wp-content\/uploads\/2025\/12\/580670651_1143014614697301_8388065033289456139_n-768x402.jpg 768w, http:\/\/www.sdh-brezina.cz\/wp-content\/uploads\/2025\/12\/580670651_1143014614697301_8388065033289456139_n.jpg 1440w\" sizes=\"(max-width: 1024px) 100vw, 1024px\" \/>\t\t\t\t\t<\/a>\n\t\t\t\t\t\t\t<\/div>\n\t\t\t\t\t\t<h4 class=\"uagb-post__title uagb-post__text\">\n\t\t\t\t<a href=\"http:\/\/www.sdh-brezina.cz\/?p=25687\" target=\"_self\" rel=\"bookmark noopener noreferrer\">Shrnut\u00ed sez\u00f3ny mlad\u0161\u00edch \u017e\u00e1k\u016f<\/a>\n\t\t\t<\/h4>\n\t\t\t\t\t\t<div class='uagb-post__text uagb-post-grid-byline'>\n\t\t\t\t\t\t\t\t<time datetime=\"2025-11-11T14:26:00+00:00\" class=\"uagb-post__date\">\n\t\t\t\t<span class=\"dashicons-calendar dashicons\"><\/span>\t\t\t\t\t11 listopadu, 2025\t\t\t\t<\/time>\n\t\t\t\t\t\t\t<span class=\"uagb-post__comment\">\n\t\t\t\t<span class=\"dashicons-admin-comments dashicons\"><\/span>\t\t\t\t\t\u017d\u00e1dn\u00e9 koment\u00e1\u0159e\t\t\t\t<\/span>\n\t\t\t\t\t\t<\/div>\n\t\t\t\t\t\t\t<div class='uagb-post__text uagb-post__excerpt'>\n\t\t\t\t\t<p>Shrnut\u00ed sez\u00f3ny star\u0161\u00edch \u017e\u00e1k\u016f jsme v\u00e1m ji\u017e p\u0159inesli. Te\u010f se je\u0161t\u011b&#8230;\t\t\t\t<\/div>\n\t\t\t\t\t\t\t\t\t\t\t\t<\/article>\n\t\t\t\t\t\t\t\t\t\t\t\t\t\t\t\t<article class=\"uagb-post__inner-wrap\">\t\t\t\t\t\t\t\t<div class='uagb-post__image'>\n\t\t\t\t\t\t\t\t\t<a href=\"http:\/\/www.sdh-brezina.cz\/?p=25681\" target=\"_self\" rel=\"bookmark noopener noreferrer\" class='uagb-image-ratio-inherit'><img loading=\"lazy\" decoding=\"async\" width=\"1024\" height=\"1024\" src=\"http:\/\/www.sdh-brezina.cz\/wp-content\/uploads\/2025\/12\/565243444_1117724603892969_6396327587458166557_n-1024x1024.jpg\" class=\"attachment-large size-large\" alt=\"\" srcset=\"http:\/\/www.sdh-brezina.cz\/wp-content\/uploads\/2025\/12\/565243444_1117724603892969_6396327587458166557_n-1024x1024.jpg 1024w, http:\/\/www.sdh-brezina.cz\/wp-content\/uploads\/2025\/12\/565243444_1117724603892969_6396327587458166557_n-300x300.jpg 300w, http:\/\/www.sdh-brezina.cz\/wp-content\/uploads\/2025\/12\/565243444_1117724603892969_6396327587458166557_n-150x150.jpg 150w, http:\/\/www.sdh-brezina.cz\/wp-content\/uploads\/2025\/12\/565243444_1117724603892969_6396327587458166557_n-768x767.jpg 768w, http:\/\/www.sdh-brezina.cz\/wp-content\/uploads\/2025\/12\/565243444_1117724603892969_6396327587458166557_n.jpg 1081w\" sizes=\"(max-width: 1024px) 100vw, 1024px\" \/>\t\t\t\t\t<\/a>\n\t\t\t\t\t\t\t<\/div>\n\t\t\t\t\t\t<h4 class=\"uagb-post__title uagb-post__text\">\n\t\t\t\t<a href=\"http:\/\/www.sdh-brezina.cz\/?p=25681\" target=\"_self\" rel=\"bookmark noopener noreferrer\">Vyhl\u00e1\u0161en\u00ed OLM 2025 a shrnut\u00ed sez\u00f3ny star\u0161\u00edch \u017e\u00e1k\u016f<\/a>\n\t\t\t<\/h4>\n\t\t\t\t\t\t<div class='uagb-post__text uagb-post-grid-byline'>\n\t\t\t\t\t\t\t\t<time datetime=\"2025-10-12T14:23:00+00:00\" class=\"uagb-post__date\">\n\t\t\t\t<span class=\"dashicons-calendar dashicons\"><\/span>\t\t\t\t\t12 \u0159\u00edjna, 2025\t\t\t\t<\/time>\n\t\t\t\t\t\t\t<span class=\"uagb-post__comment\">\n\t\t\t\t<span class=\"dashicons-admin-comments dashicons\"><\/span>\t\t\t\t\t\u017d\u00e1dn\u00e9 koment\u00e1\u0159e\t\t\t\t<\/span>\n\t\t\t\t\t\t<\/div>\n\t\t\t\t\t\t\t<div class='uagb-post__text uagb-post__excerpt'>\n\t\t\t\t\t<p>Dnes v Kun\u0161t\u00e1tu prob\u011bhlo slavnostn\u00ed vyhl\u00e1\u0161en\u00ed leto\u0161n\u00edho ro\u010dn\u00edku Okresn\u00ed ligy ml\u00e1de\u017ee&#8230;.\t\t\t\t<\/div>\n\t\t\t\t\t\t\t\t\t\t\t\t<\/article>\n\t\t\t\t\t\t\t\t\t\t\t\t\t<div class=\"uagb-post-pagination-wrap\">\n\t\t\t\t\t\t<span aria-current=\"page\" class=\"page-numbers current\">1<\/span>\n<a class=\"page-numbers\" href=\"http:\/\/www.sdh-brezina.cz\/index.php?rest_route=%2Fwp%2Fv2%2Fpages%2F307&#038;paged=2\">2<\/a>\n<a class=\"page-numbers\" href=\"http:\/\/www.sdh-brezina.cz\/index.php?rest_route=%2Fwp%2Fv2%2Fpages%2F307&#038;paged=3\">3<\/a>\n<a class=\"page-numbers\" href=\"http:\/\/www.sdh-brezina.cz\/index.php?rest_route=%2Fwp%2Fv2%2Fpages%2F307&#038;paged=4\">4<\/a>\n<a class=\"page-numbers\" href=\"http:\/\/www.sdh-brezina.cz\/index.php?rest_route=%2Fwp%2Fv2%2Fpages%2F307&#038;paged=5\">5<\/a>\n<span class=\"page-numbers dots\">&hellip;<\/span>\n<a class=\"page-numbers\" href=\"http:\/\/www.sdh-brezina.cz\/index.php?rest_route=%2Fwp%2Fv2%2Fpages%2F307&#038;paged=15\">15<\/a>\n<a class=\"page-numbers\" href=\"http:\/\/www.sdh-brezina.cz\/index.php?rest_route=%2Fwp%2Fv2%2Fpages%2F307&#038;paged=16\">16<\/a>\n<a class=\"page-numbers\" href=\"http:\/\/www.sdh-brezina.cz\/index.php?rest_route=%2Fwp%2Fv2%2Fpages%2F307&#038;paged=17\">17<\/a>\n<a class=\"page-numbers\" href=\"http:\/\/www.sdh-brezina.cz\/index.php?rest_route=%2Fwp%2Fv2%2Fpages%2F307&#038;paged=18\">18<\/a>\n<a class=\"next page-numbers\" href=\"http:\/\/www.sdh-brezina.cz\/index.php?rest_route=%2Fwp%2Fv2%2Fpages%2F307&#038;paged=2\">Next \u00bb<\/a>\t\t\t\t\t<\/div>\n\t\t\t\t\t\t\t\t<\/div>\n\t\t\t\n\n\n<p><\/p>\n<\/div><\/section>\n","protected":false},"excerpt":{"rendered":"<p>Aktuality<\/p>\n","protected":false},"author":1,"featured_media":0,"parent":0,"menu_order":0,"comment_status":"closed","ping_status":"closed","template":"","meta":{"_uag_custom_page_level_css":"","site-sidebar-layout":"no-sidebar","site-content-layout":"page-builder","ast-site-content-layout":"","site-content-style":"default","site-sidebar-style":"default","ast-global-header-display":"","ast-banner-title-visibility":"","ast-main-header-display":"","ast-hfb-above-header-display":"","ast-hfb-below-header-display":"","ast-hfb-mobile-header-display":"","site-post-title":"disabled","ast-breadcrumbs-content":"","ast-featured-img":"disabled","footer-sml-layout":"","theme-transparent-header-meta":"default","adv-header-id-meta":"","stick-header-meta":"","header-above-stick-meta":"","header-main-stick-meta":"","header-below-stick-meta":"","astra-migrate-meta-layouts":"default","ast-page-background-enabled":"default","ast-page-background-meta":{"desktop":{"background-color":"var(--ast-global-color-4)","background-image":"","background-repeat":"repeat","background-position":"center center","background-size":"auto","background-attachment":"scroll","background-type":"","background-media":"","overlay-type":"","overlay-color":"","overlay-gradient":""},"tablet":{"background-color":"","background-image":"","background-repeat":"repeat","background-position":"center center","background-size":"auto","background-attachment":"scroll","background-type":"","background-media":"","overlay-type":"","overlay-color":"","overlay-gradient":""},"mobile":{"background-color":"","background-image":"","background-repeat":"repeat","background-position":"center center","background-size":"auto","background-attachment":"scroll","background-type":"","background-media":"","overlay-type":"","overlay-color":"","overlay-gradient":""}},"ast-content-background-meta":{"desktop":{"background-color":"var(--ast-global-color-5)","background-image":"","background-repeat":"repeat","background-position":"center center","background-size":"auto","background-attachment":"scroll","background-type":"","background-media":"","overlay-type":"","overlay-color":"","overlay-gradient":""},"tablet":{"background-color":"var(--ast-global-color-5)","background-image":"","background-repeat":"repeat","background-position":"center center","background-size":"auto","background-attachment":"scroll","background-type":"","background-media":"","overlay-type":"","overlay-color":"","overlay-gradient":""},"mobile":{"background-color":"var(--ast-global-color-5)","background-image":"","background-repeat":"repeat","background-position":"center center","background-size":"auto","background-attachment":"scroll","background-type":"","background-media":"","overlay-type":"","overlay-color":"","overlay-gradient":""}},"footnotes":""},"class_list":["post-307","page","type-page","status-publish","hentry"],"uagb_featured_image_src":{"full":false,"thumbnail":false,"medium":false,"medium_large":false,"large":false,"1536x1536":false,"2048x2048":false},"uagb_author_info":{"display_name":"admin","author_link":"http:\/\/www.sdh-brezina.cz\/?author=1"},"uagb_comment_info":0,"uagb_excerpt":"Aktuality","_links":{"self":[{"href":"http:\/\/www.sdh-brezina.cz\/index.php?rest_route=\/wp\/v2\/pages\/307","targetHints":{"allow":["GET"]}}],"collection":[{"href":"http:\/\/www.sdh-brezina.cz\/index.php?rest_route=\/wp\/v2\/pages"}],"about":[{"href":"http:\/\/www.sdh-brezina.cz\/index.php?rest_route=\/wp\/v2\/types\/page"}],"author":[{"embeddable":true,"href":"http:\/\/www.sdh-brezina.cz\/index.php?rest_route=\/wp\/v2\/users\/1"}],"replies":[{"embeddable":true,"href":"http:\/\/www.sdh-brezina.cz\/index.php?rest_route=%2Fwp%2Fv2%2Fcomments&post=307"}],"version-history":[{"count":13,"href":"http:\/\/www.sdh-brezina.cz\/index.php?rest_route=\/wp\/v2\/pages\/307\/revisions"}],"predecessor-version":[{"id":24952,"href":"http:\/\/www.sdh-brezina.cz\/index.php?rest_route=\/wp\/v2\/pages\/307\/revisions\/24952"}],"wp:attachment":[{"href":"http:\/\/www.sdh-brezina.cz\/index.php?rest_route=%2Fwp%2Fv2%2Fmedia&parent=307"}],"curies":[{"name":"wp","href":"https:\/\/api.w.org\/{rel}","templated":true}]}}